{"id":399,"date":"2021-04-30T16:11:32","date_gmt":"2021-04-30T16:11:32","guid":{"rendered":"https:\/\/maskotnorge.no\/about\/"},"modified":"2026-03-13T17:11:24","modified_gmt":"2026-03-13T17:11:24","slug":"about","status":"publish","type":"page","link":"https:\/\/maskotnorge.no\/de\/about\/","title":{"rendered":"\u00dcber uns"},"content":{"rendered":"<div data-elementor-type=\"wp-page\" data-elementor-id=\"399\" class=\"elementor elementor-399\" data-elementor-post-type=\"page\">\n\t\t\t\t\t\t<section class=\"elementor-section elementor-top-section elementor-element elementor-element-cd36054 elementor-section-boxed elementor-section-height-default elementor-section-height-default\" data-id=\"cd36054\" data-element_type=\"section\" data-e-type=\"section\">\n\t\t\t\t\t\t<div class=\"elementor-container elementor-column-gap-default\">\n\t\t\t\t\t<div class=\"elementor-column elementor-col-100 elementor-top-column elementor-element elementor-element-b5d7c40\" data-id=\"b5d7c40\" data-element_type=\"column\" data-e-type=\"column\">\n\t\t\t<div class=\"elementor-widget-wrap elementor-element-populated\">\n\t\t\t\t\t\t<div class=\"elementor-element elementor-element-608759b elementor-widget elementor-widget-spacer\" data-id=\"608759b\" data-element_type=\"widget\" data-e-type=\"widget\" data-widget_type=\"spacer.default\">\n\t\t\t\t<div class=\"elementor-widget-container\">\n\t\t\t\t\t\t\t<div class=\"elementor-spacer\">\n\t\t\t<div class=\"elementor-spacer-inner\"><\/div>\n\t\t<\/div>\n\t\t\t\t\t\t<\/div>\n\t\t\t\t<\/div>\n\t\t\t\t<div class=\"elementor-element elementor-element-5db5ce4 elementor-widget elementor-widget-image\" data-id=\"5db5ce4\" data-element_type=\"widget\" data-e-type=\"widget\" data-widget_type=\"image.default\">\n\t\t\t\t<div class=\"elementor-widget-container\">\n\t\t\t\t\t\t\t\t\t\t\t\t\t\t\t<img fetchpriority=\"high\" decoding=\"async\" width=\"800\" height=\"255\" src=\"https:\/\/maskotsverige.se\/wp-content\/uploads\/2026\/03\/OmOss-1024x326.png\" class=\"attachment-large size-large wp-image-1813\" alt=\"OmOss\" srcset=\"https:\/\/maskotsverige.se\/wp-content\/uploads\/2026\/03\/OmOss-1024x326.png 1024w, https:\/\/maskotsverige.se\/wp-content\/uploads\/2026\/03\/OmOss-300x96.png 300w, https:\/\/maskotsverige.se\/wp-content\/uploads\/2026\/03\/OmOss-768x245.png 768w, https:\/\/maskotsverige.se\/wp-content\/uploads\/2026\/03\/OmOss-1536x489.png 1536w, https:\/\/maskotsverige.se\/wp-content\/uploads\/2026\/03\/OmOss-2048x652.png 2048w\" sizes=\"(max-width: 800px) 100vw, 800px\" \/>\t\t\t\t\t\t\t\t\t\t\t\t\t\t\t<\/div>\n\t\t\t\t<\/div>\n\t\t\t\t<div class=\"elementor-element elementor-element-c0ca5eb elementor-widget elementor-widget-spacer\" data-id=\"c0ca5eb\" data-element_type=\"widget\" data-e-type=\"widget\" data-widget_type=\"spacer.default\">\n\t\t\t\t<div class=\"elementor-widget-container\">\n\t\t\t\t\t\t\t<div class=\"elementor-spacer\">\n\t\t\t<div class=\"elementor-spacer-inner\"><\/div>\n\t\t<\/div>\n\t\t\t\t\t\t<\/div>\n\t\t\t\t<\/div>\n\t\t\t\t<div class=\"elementor-element elementor-element-857a17f elementor-widget elementor-widget-text-editor\" data-id=\"857a17f\" data-element_type=\"widget\" data-e-type=\"widget\" data-widget_type=\"text-editor.default\">\n\t\t\t\t<div class=\"elementor-widget-container\">\n\t\t\t\t\t\t\t\t\t<p data-sourcepos=\"5:1-5:186\"><strong>Maskot Norge \u2013 Ein Teil von Arcaio Solutions\u00a0<\/strong><\/p><p data-sourcepos=\"5:1-5:186\"><strong>Wir sind auf Design und Produktion von Maskottchen spezialisiert. Durch die Lekeland-Gro\u00dfhandlung haben wir langj\u00e4hrige Branchenerfahrung und haben mit einer Vielzahl von Unternehmen und Sportmannschaften zusammengearbeitet.<\/strong><\/p><p data-sourcepos=\"7:1-7:146\">Unsere Vision ist es, Maskottchen zu schaffen, die sowohl einzigartig als auch wiedererkennbar sind. Wir m\u00f6chten Maskottchen schaffen, die Engagement und Freude bei unseren Kunden wecken.<\/p><p data-sourcepos=\"7:1-7:146\">Wir arbeiten eng mit unseren Kunden zusammen, um ihre Bed\u00fcrfnisse und W\u00fcnsche zu verstehen. Wir nutzen auch unser Wissen und unsere Erfahrung, um Maskottchen zu kreieren, die sowohl \u00e4sthetisch ansprechend als auch praktisch sind.<\/p><p data-sourcepos=\"7:1-7:146\">Wir sind stolz auf unsere bisherigen Projekte und glauben, dass wir Maskottchen schaffen k\u00f6nnen, die eine wertvolle Erg\u00e4nzung f\u00fcr jedes Unternehmen, jeden Verein oder jedes Sportteam darstellen.<\/p>\t\t\t\t\t\t\t\t<\/div>\n\t\t\t\t<\/div>\n\t\t\t\t<div class=\"elementor-element elementor-element-95c1303 elementor-widget elementor-widget-spacer\" data-id=\"95c1303\" data-element_type=\"widget\" data-e-type=\"widget\" data-widget_type=\"spacer.default\">\n\t\t\t\t<div class=\"elementor-widget-container\">\n\t\t\t\t\t\t\t<div class=\"elementor-spacer\">\n\t\t\t<div class=\"elementor-spacer-inner\"><\/div>\n\t\t<\/div>\n\t\t\t\t\t\t<\/div>\n\t\t\t\t<\/div>\n\t\t\t\t<div class=\"elementor-element elementor-element-c0a478f elementor-align-center elementor-widget elementor-widget-button\" data-id=\"c0a478f\" data-element_type=\"widget\" data-e-type=\"widget\" data-widget_type=\"button.default\">\n\t\t\t\t<div class=\"elementor-widget-container\">\n\t\t\t\t\t\t\t\t\t<div class=\"elementor-button-wrapper\">\n\t\t\t\t\t<a class=\"elementor-button elementor-button-link elementor-size-sm\" href=\"mailto:kontakt@arcaio.no\">\n\t\t\t\t\t\t<span class=\"elementor-button-content-wrapper\">\n\t\t\t\t\t\t\t\t\t<span class=\"elementor-button-text\">E-Mail senden<\/span>\n\t\t\t\t\t<\/span>\n\t\t\t\t\t<\/a>\n\t\t\t\t<\/div>\n\t\t\t\t\t\t\t\t<\/div>\n\t\t\t\t<\/div>\n\t\t\t\t<div class=\"elementor-element elementor-element-070cd23 elementor-widget elementor-widget-spacer\" data-id=\"070cd23\" data-element_type=\"widget\" data-e-type=\"widget\" data-widget_type=\"spacer.default\">\n\t\t\t\t<div class=\"elementor-widget-container\">\n\t\t\t\t\t\t\t<div class=\"elementor-spacer\">\n\t\t\t<div class=\"elementor-spacer-inner\"><\/div>\n\t\t<\/div>\n\t\t\t\t\t\t<\/div>\n\t\t\t\t<\/div>\n\t\t\t\t<div class=\"elementor-element elementor-element-e4bc350 elementor-widget elementor-widget-image\" data-id=\"e4bc350\" data-element_type=\"widget\" data-e-type=\"widget\" data-widget_type=\"image.default\">\n\t\t\t\t<div class=\"elementor-widget-container\">\n\t\t\t\t\t\t\t\t\t\t\t\t\t\t\t<img decoding=\"async\" width=\"2000\" height=\"310\" src=\"https:\/\/maskotsverige.se\/wp-content\/uploads\/2026\/03\/Oss.png\" class=\"attachment-full size-full wp-image-1808\" alt=\"Oss\" srcset=\"https:\/\/maskotsverige.se\/wp-content\/uploads\/2026\/03\/Oss.png 2000w, https:\/\/maskotsverige.se\/wp-content\/uploads\/2026\/03\/Oss-300x47.png 300w, https:\/\/maskotsverige.se\/wp-content\/uploads\/2026\/03\/Oss-1024x159.png 1024w, https:\/\/maskotsverige.se\/wp-content\/uploads\/2026\/03\/Oss-768x119.png 768w, https:\/\/maskotsverige.se\/wp-content\/uploads\/2026\/03\/Oss-1536x238.png 1536w\" sizes=\"(max-width: 2000px) 100vw, 2000px\" \/>\t\t\t\t\t\t\t\t\t\t\t\t\t\t\t<\/div>\n\t\t\t\t<\/div>\n\t\t\t\t<div class=\"elementor-element elementor-element-5743af0 elementor-widget elementor-widget-spacer\" data-id=\"5743af0\" data-element_type=\"widget\" data-e-type=\"widget\" data-widget_type=\"spacer.default\">\n\t\t\t\t<div class=\"elementor-widget-container\">\n\t\t\t\t\t\t\t<div class=\"elementor-spacer\">\n\t\t\t<div class=\"elementor-spacer-inner\"><\/div>\n\t\t<\/div>\n\t\t\t\t\t\t<\/div>\n\t\t\t\t<\/div>\n\t\t\t\t\t<\/div>\n\t\t<\/div>\n\t\t\t\t\t<\/div>\n\t\t<\/section>\n\t\t\t\t<\/div>","protected":false},"excerpt":{"rendered":"<p>Maskot Norge &#8211; En del av Arcaio Solutions\u00a0 Vi spesialiserer oss p\u00e5 design og produksjon av maskoter. Vi har lang erfaring i bransjen gjennom Lekeland-Grossisten, og har jobbet med en rekke bedrifter og idrettslag. V\u00e5r visjon er \u00e5 skape maskoter som er b\u00e5de unike og gjenkjennelige. Vi \u00f8nsker \u00e5 skape maskoter som vil skape engasjement [&hellip;]<\/p>\n","protected":false},"author":1,"featured_media":0,"parent":0,"menu_order":0,"comment_status":"closed","ping_status":"closed","template":"","meta":{"footnotes":""},"class_list":["post-399","page","type-page","status-publish","hentry"],"yoast_head":"<!-- This site is optimized with the Yoast SEO plugin v27.4 - https:\/\/yoast.com\/product\/yoast-seo-wordpress\/ -->\n<title>Om oss - Maskot Norge<\/title>\n<meta name=\"robots\" content=\"index, follow, max-snippet:-1, max-image-preview:large, max-video-preview:-1\" \/>\n<link rel=\"canonical\" href=\"https:\/\/maskotnorge.no\/de\/about\/\" \/>\n<meta property=\"og:locale\" content=\"de_DE\" \/>\n<meta property=\"og:type\" content=\"article\" \/>\n<meta property=\"og:title\" content=\"Om oss - Maskot Norge\" \/>\n<meta property=\"og:description\" content=\"Maskot Norge &#8211; En del av Arcaio Solutions\u00a0 Vi spesialiserer oss p\u00e5 design og produksjon av maskoter. Vi har lang erfaring i bransjen gjennom Lekeland-Grossisten, og har jobbet med en rekke bedrifter og idrettslag. V\u00e5r visjon er \u00e5 skape maskoter som er b\u00e5de unike og gjenkjennelige. Vi \u00f8nsker \u00e5 skape maskoter som vil skape engasjement [&hellip;]\" \/>\n<meta property=\"og:url\" content=\"https:\/\/maskotnorge.no\/de\/about\/\" \/>\n<meta property=\"og:site_name\" content=\"Maskot Norge\" \/>\n<meta property=\"article:modified_time\" content=\"2026-03-13T17:11:24+00:00\" \/>\n<meta property=\"og:image\" content=\"https:\/\/maskotnorge.no\/wp-content\/uploads\/2026\/03\/OmOss-1024x326.png\" \/>\n<meta name=\"twitter:card\" content=\"summary_large_image\" \/>\n<meta name=\"twitter:label1\" content=\"Gesch\u00e4tzte Lesezeit\" \/>\n\t<meta name=\"twitter:data1\" content=\"2\u00a0Minuten\" \/>\n<script type=\"application\/ld+json\" class=\"yoast-schema-graph\">{\"@context\":\"https:\\\/\\\/schema.org\",\"@graph\":[{\"@type\":\"WebPage\",\"@id\":\"https:\\\/\\\/maskotnorge.no\\\/about\\\/\",\"url\":\"https:\\\/\\\/maskotnorge.no\\\/about\\\/\",\"name\":\"Om oss - Maskot Norge\",\"isPartOf\":{\"@id\":\"https:\\\/\\\/maskotnorge.no\\\/#website\"},\"primaryImageOfPage\":{\"@id\":\"https:\\\/\\\/maskotnorge.no\\\/about\\\/#primaryimage\"},\"image\":{\"@id\":\"https:\\\/\\\/maskotnorge.no\\\/about\\\/#primaryimage\"},\"thumbnailUrl\":\"https:\\\/\\\/maskotnorge.no\\\/wp-content\\\/uploads\\\/2026\\\/03\\\/OmOss-1024x326.png\",\"datePublished\":\"2021-04-30T16:11:32+00:00\",\"dateModified\":\"2026-03-13T17:11:24+00:00\",\"breadcrumb\":{\"@id\":\"https:\\\/\\\/maskotnorge.no\\\/about\\\/#breadcrumb\"},\"inLanguage\":\"de\",\"potentialAction\":[{\"@type\":\"ReadAction\",\"target\":[\"https:\\\/\\\/maskotnorge.no\\\/about\\\/\"]}]},{\"@type\":\"ImageObject\",\"inLanguage\":\"de\",\"@id\":\"https:\\\/\\\/maskotnorge.no\\\/about\\\/#primaryimage\",\"url\":\"https:\\\/\\\/maskotnorge.no\\\/wp-content\\\/uploads\\\/2026\\\/03\\\/OmOss-1024x326.png\",\"contentUrl\":\"https:\\\/\\\/maskotnorge.no\\\/wp-content\\\/uploads\\\/2026\\\/03\\\/OmOss-1024x326.png\"},{\"@type\":\"BreadcrumbList\",\"@id\":\"https:\\\/\\\/maskotnorge.no\\\/about\\\/#breadcrumb\",\"itemListElement\":[{\"@type\":\"ListItem\",\"position\":1,\"name\":\"Hjem\",\"item\":\"https:\\\/\\\/maskotnorge.no\\\/\"},{\"@type\":\"ListItem\",\"position\":2,\"name\":\"Om oss\"}]},{\"@type\":\"WebSite\",\"@id\":\"https:\\\/\\\/maskotnorge.no\\\/#website\",\"url\":\"https:\\\/\\\/maskotnorge.no\\\/\",\"name\":\"Maskot Norge\",\"description\":\"Maskot Norge tilbyr skreddersydde maskoter som kan v\u00e6re en verdifull ressurs for din bedrift eller organisasjon. Fremhev merkevaren din med v\u00e5re unike bamser og \u00f8k merkevarebevisstheten med et effektivt logo design. Kontakt oss for \u00e5 se hvordan vi kan hjelpe deg \u00e5 skape en sterkere tilknytning til ditt merke.\",\"publisher\":{\"@id\":\"https:\\\/\\\/maskotnorge.no\\\/#organization\"},\"alternateName\":\"Maskotnorge.no\",\"potentialAction\":[{\"@type\":\"SearchAction\",\"target\":{\"@type\":\"EntryPoint\",\"urlTemplate\":\"https:\\\/\\\/maskotnorge.no\\\/?s={search_term_string}\"},\"query-input\":{\"@type\":\"PropertyValueSpecification\",\"valueRequired\":true,\"valueName\":\"search_term_string\"}}],\"inLanguage\":\"de\"},{\"@type\":\"Organization\",\"@id\":\"https:\\\/\\\/maskotnorge.no\\\/#organization\",\"name\":\"Maskot Norge\",\"url\":\"https:\\\/\\\/maskotnorge.no\\\/\",\"logo\":{\"@type\":\"ImageObject\",\"inLanguage\":\"de\",\"@id\":\"https:\\\/\\\/maskotnorge.no\\\/#\\\/schema\\\/logo\\\/image\\\/\",\"url\":\"https:\\\/\\\/maskotnorge.no\\\/wp-content\\\/uploads\\\/2023\\\/06\\\/MaskotNorge_light-scaled.png\",\"contentUrl\":\"https:\\\/\\\/maskotnorge.no\\\/wp-content\\\/uploads\\\/2023\\\/06\\\/MaskotNorge_light-scaled.png\",\"width\":2560,\"height\":1095,\"caption\":\"Maskot Norge\"},\"image\":{\"@id\":\"https:\\\/\\\/maskotnorge.no\\\/#\\\/schema\\\/logo\\\/image\\\/\"}}]}<\/script>\n<!-- \/ Yoast SEO plugin. -->","yoast_head_json":{"title":"Om oss - Maskot Norge","robots":{"index":"index","follow":"follow","max-snippet":"max-snippet:-1","max-image-preview":"max-image-preview:large","max-video-preview":"max-video-preview:-1"},"canonical":"https:\/\/maskotnorge.no\/de\/about\/","og_locale":"de_DE","og_type":"article","og_title":"Om oss - Maskot Norge","og_description":"Maskot Norge &#8211; En del av Arcaio Solutions\u00a0 Vi spesialiserer oss p\u00e5 design og produksjon av maskoter. Vi har lang erfaring i bransjen gjennom Lekeland-Grossisten, og har jobbet med en rekke bedrifter og idrettslag. V\u00e5r visjon er \u00e5 skape maskoter som er b\u00e5de unike og gjenkjennelige. Vi \u00f8nsker \u00e5 skape maskoter som vil skape engasjement [&hellip;]","og_url":"https:\/\/maskotnorge.no\/de\/about\/","og_site_name":"Maskot Norge","article_modified_time":"2026-03-13T17:11:24+00:00","og_image":[{"url":"https:\/\/maskotnorge.no\/wp-content\/uploads\/2026\/03\/OmOss-1024x326.png","type":"","width":"","height":""}],"twitter_card":"summary_large_image","twitter_misc":{"Gesch\u00e4tzte Lesezeit":"2\u00a0Minuten"},"schema":{"@context":"https:\/\/schema.org","@graph":[{"@type":"WebPage","@id":"https:\/\/maskotnorge.no\/about\/","url":"https:\/\/maskotnorge.no\/about\/","name":"Om oss - Maskot Norge","isPartOf":{"@id":"https:\/\/maskotnorge.no\/#website"},"primaryImageOfPage":{"@id":"https:\/\/maskotnorge.no\/about\/#primaryimage"},"image":{"@id":"https:\/\/maskotnorge.no\/about\/#primaryimage"},"thumbnailUrl":"https:\/\/maskotnorge.no\/wp-content\/uploads\/2026\/03\/OmOss-1024x326.png","datePublished":"2021-04-30T16:11:32+00:00","dateModified":"2026-03-13T17:11:24+00:00","breadcrumb":{"@id":"https:\/\/maskotnorge.no\/about\/#breadcrumb"},"inLanguage":"de","potentialAction":[{"@type":"ReadAction","target":["https:\/\/maskotnorge.no\/about\/"]}]},{"@type":"ImageObject","inLanguage":"de","@id":"https:\/\/maskotnorge.no\/about\/#primaryimage","url":"https:\/\/maskotnorge.no\/wp-content\/uploads\/2026\/03\/OmOss-1024x326.png","contentUrl":"https:\/\/maskotnorge.no\/wp-content\/uploads\/2026\/03\/OmOss-1024x326.png"},{"@type":"BreadcrumbList","@id":"https:\/\/maskotnorge.no\/about\/#breadcrumb","itemListElement":[{"@type":"ListItem","position":1,"name":"Hjem","item":"https:\/\/maskotnorge.no\/"},{"@type":"ListItem","position":2,"name":"Om oss"}]},{"@type":"WebSite","@id":"https:\/\/maskotnorge.no\/#website","url":"https:\/\/maskotnorge.no\/","name":"Maskottchen Norwegen","description":"Maskot Norge tilbyr skreddersydde maskoter som kan v\u00e6re en verdifull ressurs for din bedrift eller organisasjon. Fremhev merkevaren din med v\u00e5re unike bamser og \u00f8k merkevarebevisstheten med et effektivt logo design. Kontakt oss for \u00e5 se hvordan vi kan hjelpe deg \u00e5 skape en sterkere tilknytning til ditt merke.","publisher":{"@id":"https:\/\/maskotnorge.no\/#organization"},"alternateName":"Maskotnorge.no","potentialAction":[{"@type":"SearchAction","target":{"@type":"EntryPoint","urlTemplate":"https:\/\/maskotnorge.no\/?s={search_term_string}"},"query-input":{"@type":"PropertyValueSpecification","valueRequired":true,"valueName":"search_term_string"}}],"inLanguage":"de"},{"@type":"Organization","@id":"https:\/\/maskotnorge.no\/#organization","name":"Maskottchen Norwegen","url":"https:\/\/maskotnorge.no\/","logo":{"@type":"ImageObject","inLanguage":"de","@id":"https:\/\/maskotnorge.no\/#\/schema\/logo\/image\/","url":"https:\/\/maskotnorge.no\/wp-content\/uploads\/2023\/06\/MaskotNorge_light-scaled.png","contentUrl":"https:\/\/maskotnorge.no\/wp-content\/uploads\/2023\/06\/MaskotNorge_light-scaled.png","width":2560,"height":1095,"caption":"Maskot Norge"},"image":{"@id":"https:\/\/maskotnorge.no\/#\/schema\/logo\/image\/"}}]}},"_links":{"self":[{"href":"https:\/\/maskotnorge.no\/de\/wp-json\/wp\/v2\/pages\/399","targetHints":{"allow":["GET"]}}],"collection":[{"href":"https:\/\/maskotnorge.no\/de\/wp-json\/wp\/v2\/pages"}],"about":[{"href":"https:\/\/maskotnorge.no\/de\/wp-json\/wp\/v2\/types\/page"}],"author":[{"embeddable":true,"href":"https:\/\/maskotnorge.no\/de\/wp-json\/wp\/v2\/users\/1"}],"replies":[{"embeddable":true,"href":"https:\/\/maskotnorge.no\/de\/wp-json\/wp\/v2\/comments?post=399"}],"version-history":[{"count":5,"href":"https:\/\/maskotnorge.no\/de\/wp-json\/wp\/v2\/pages\/399\/revisions"}],"predecessor-version":[{"id":1952,"href":"https:\/\/maskotnorge.no\/de\/wp-json\/wp\/v2\/pages\/399\/revisions\/1952"}],"wp:attachment":[{"href":"https:\/\/maskotnorge.no\/de\/wp-json\/wp\/v2\/media?parent=399"}],"curies":[{"name":"wp","href":"https:\/\/api.w.org\/{rel}","templated":true}]}}