{"id":5,"date":"2023-06-21T11:28:28","date_gmt":"2023-06-21T11:28:28","guid":{"rendered":"https:\/\/maskotnorge.no\/?page_id=5"},"modified":"2026-03-13T14:20:32","modified_gmt":"2026-03-13T14:20:32","slug":"personvernerklaering","status":"publish","type":"page","link":"https:\/\/maskotnorge.no\/de\/personvernerklaering\/","title":{"rendered":"Datenschutzerkl\u00e4rung"},"content":{"rendered":"<div data-elementor-type=\"wp-page\" data-elementor-id=\"5\" class=\"elementor elementor-5\" data-elementor-post-type=\"page\">\n\t\t\t\t\t\t<section class=\"elementor-section elementor-top-section elementor-element elementor-element-7a58580f elementor-section-boxed elementor-section-height-default elementor-section-height-default\" data-id=\"7a58580f\" data-element_type=\"section\" data-e-type=\"section\">\n\t\t\t\t\t\t<div class=\"elementor-container elementor-column-gap-default\">\n\t\t\t\t\t<div class=\"elementor-column elementor-col-100 elementor-top-column elementor-element elementor-element-117c2535\" data-id=\"117c2535\" data-element_type=\"column\" data-e-type=\"column\">\n\t\t\t<div class=\"elementor-widget-wrap elementor-element-populated\">\n\t\t\t\t\t\t<div class=\"elementor-element elementor-element-8ab7602 elementor-widget elementor-widget-spacer\" data-id=\"8ab7602\" data-element_type=\"widget\" data-e-type=\"widget\" data-widget_type=\"spacer.default\">\n\t\t\t\t<div class=\"elementor-widget-container\">\n\t\t\t\t\t\t\t<div class=\"elementor-spacer\">\n\t\t\t<div class=\"elementor-spacer-inner\"><\/div>\n\t\t<\/div>\n\t\t\t\t\t\t<\/div>\n\t\t\t\t<\/div>\n\t\t\t\t<div class=\"elementor-element elementor-element-5aec6cca elementor-widget elementor-widget-text-editor\" data-id=\"5aec6cca\" data-element_type=\"widget\" data-e-type=\"widget\" data-widget_type=\"text-editor.default\">\n\t\t\t\t<div class=\"elementor-widget-container\">\n\t\t\t\t\t\t\t\t\t<p style=\"margin: 0cm; font-size: 16px; font-family: 'Calibri',sans-serif;\"><strong><span style=\"font-size: 19px;\">Datenschutzerkl\u00e4rung<\/span><\/strong><\/p><p style=\"margin: 0cm; font-size: 16px; font-family: 'Calibri',sans-serif;\">\u00a0<\/p><p style=\"margin: 0cm; font-size: 16px; font-family: 'Calibri',sans-serif;\">Wir (unsere Organisationsnummer und Kontaktdaten finden Sie auf unserer Kontaktseite oder durch Suche nach der Domain, die Sie gerade besuchen, auf Norid.no oder whois.com und weitere Suche nach der Organisationsnummer auf brreg.no) nehmen Ihren Datenschutz ernst und haben die notwendigen technischen und organisatorischen Sicherheitsma\u00dfnahmen ergriffen, um Ihre pers\u00f6nlichen Daten zu sch\u00fctzen. In dieser Datenschutzerkl\u00e4rung informieren wir Sie dar\u00fcber, wie wir Ihre pers\u00f6nlichen Daten beim Besuch unserer Website erfassen, verwenden, speichern und sch\u00fctzen.\u00a0<\/p><p style=\"margin: 0cm; font-size: 16px; font-family: 'Calibri',sans-serif;\">\u00a0<\/p><p style=\"margin: 0cm; font-size: 16px; font-family: 'Calibri',sans-serif;\"><strong><span style=\"font-size: 19px;\">Datensammlung<\/span><\/strong><\/p><p style=\"margin: 0cm; font-size: 16px; font-family: 'Calibri',sans-serif;\">\u00a0<\/p><p style=\"margin: 0cm; font-size: 16px; font-family: 'Calibri',sans-serif;\">Kontaktformular: Wenn Sie eine Anfrage \u00fcber unser Kontaktformular senden, k\u00f6nnen Informationen \u00fcber Ihren Namen, Ihre E-Mail-Adresse, Ihre Kontaktdaten und andere von Ihnen angegebene Informationen in unserer Datenbank gespeichert werden.\u00a0<\/p><p style=\"margin: 0cm; font-size: 16px; font-family: 'Calibri',sans-serif;\">\u00a0<\/p><p style=\"margin: 0cm; font-size: 16px; font-family: 'Calibri',sans-serif;\">Google Fonts: Wir nutzen Google Fonts, um das Aussehen unserer Website zu verbessern. Dies kann dazu f\u00fchren, dass Google Informationen \u00fcber Ihre Nutzung der Website sammelt.<\/p><p style=\"margin: 0cm; font-size: 16px; font-family: 'Calibri',sans-serif;\">\u00a0<\/p><p style=\"margin: 0cm; font-size: 16px; font-family: 'Calibri',sans-serif;\">Google Analytics: Wir nutzen Google Analytics zur Analyse des Traffics und der Nutzung unserer Website. Dies kann dazu f\u00fchren, dass Google Informationen \u00fcber Ihre Nutzung der Website sammelt.<\/p><p style=\"margin: 0cm; font-size: 16px; font-family: 'Calibri',sans-serif;\">\u00a0<\/p><p style=\"margin: 0cm; font-size: 16px; font-family: 'Calibri',sans-serif;\">Google Site Kit: Wir verwenden Google Site Kit, um unsere Website zu verwalten und zu pflegen. Dies kann dazu f\u00fchren, dass Google Informationen \u00fcber Ihre Nutzung der Website sammelt.<\/p><p style=\"margin: 0cm; font-size: 16px; font-family: 'Calibri',sans-serif;\">\u00a0<\/p><p style=\"margin: 0cm; font-size: 16px; font-family: 'Calibri',sans-serif;\">Facebook Pixel: Wir verwenden den Facebook\/Meta Pixel, um die Wirkung von Werbung auf der Facebook-Plattform zu verstehen und zu messen.<\/p><p style=\"margin: 0cm; font-size: 16px; font-family: 'Calibri',sans-serif;\">\u00a0<\/p><p style=\"margin: 0cm; font-size: 16px; font-family: 'Calibri',sans-serif;\">Soziale Medien: Wir k\u00f6nnen soziale Medien und andere Plattformen f\u00fcr Marketing nutzen, wie Facebook, Instagram, Twitter, TikTok, Pinterest usw. (die Liste ist nicht ersch\u00f6pfend), was zur Erfassung Ihrer Informationen f\u00fchren kann. Kontaktieren Sie uns, um die aktuell und fr\u00fcher verwendeten Plattformen zu erfahren.<\/p><p style=\"margin: 0cm; font-size: 16px; font-family: 'Calibri',sans-serif;\">\u00a0<\/p><p style=\"margin: 0cm; font-size: 16px; font-family: 'Calibri',sans-serif;\">Wir k\u00f6nnen Ihre personenbezogenen Daten gem\u00e4\u00df den geltenden Datenschutzbestimmungen des Datenschutzamtes an Dritte weitergeben, aber wir geben Ihre personenbezogenen Daten normalerweise nicht an Dritte weiter, es sei denn, die Dritten sind unsere Partner und die Weitergabe ist f\u00fcr die Erbringung der von uns angebotenen Dienstleistung(en) erforderlich.\u00a0<\/p><p style=\"margin: 0cm; font-size: 16px; font-family: 'Calibri',sans-serif;\"><strong><span style=\"font-size: 19px;\">\u00a0<\/span><\/strong><\/p><p style=\"margin: 0cm; font-size: 16px; font-family: 'Calibri',sans-serif;\"><strong><span style=\"font-size: 19px;\">Datennutzung<\/span><\/strong><\/p><p style=\"margin: 0cm; font-size: 16px; font-family: 'Calibri',sans-serif;\">\u00a0<\/p><p style=\"margin: 0cm; font-size: 16px; font-family: 'Calibri',sans-serif;\">Wir verwenden Ihre pers\u00f6nlichen Daten, um Anfragen zu beantworten, die Sie \u00fcber unser Kontaktformular stellen, um die Benutzererfahrung auf unserer Website zu verbessern und Analysen zur Verbesserung unserer Website durchzuf\u00fchren.<\/p><p style=\"margin: 0cm; font-size: 16px; font-family: 'Calibri',sans-serif;\">\u00a0<\/p><p style=\"margin: 0cm; font-size: 16px; font-family: 'Calibri',sans-serif; line-height: 107%;\">Datenspeicherung: Ihre Daten k\u00f6nnen so lange gespeichert werden, wie es sinnvoll ist, oder bis Sie uns zur L\u00f6schung kontaktieren. Die Informationen werden auf den Servern unserer Anbieter gespeichert. Sie k\u00f6nnen uns kontaktieren, um Informationen dar\u00fcber zu erhalten, welchen Anbieter wir aktuell und in der Vergangenheit genutzt haben. Informationen zum aktuellen Anbieter k\u00f6nnen auch \u00fcber norid.no oder whois.com abgerufen werden, wo Sie auch erfahren, in welchem Land die Daten gespeichert sind.<\/p><p style=\"margin: 0cm; font-size: 16px; font-family: 'Calibri',sans-serif;\"><strong>\u00a0<\/strong><\/p><p style=\"margin: 0cm; font-size: 16px; font-family: 'Calibri',sans-serif;\">Datensicherheit<strong>\u00a0<\/strong>Wir haben die erforderlichen technischen und organisatorischen Sicherheitsma\u00dfnahmen ergriffen, um Ihre personenbezogenen Daten vor unbefugtem Zugriff, Ver\u00e4nderung, Offenlegung oder Zerst\u00f6rung zu sch\u00fctzen. Neben unseren internen Abl\u00e4ufen verf\u00fcgen auch unsere Lieferanten \u00fcber eigene Sicherheitsma\u00dfnahmen, \u00fcber die Sie sich informieren k\u00f6nnen, indem Sie uns kontaktieren, um Informationen \u00fcber unsere Lieferanten zu erhalten.<\/p><p style=\"margin: 0cm; font-size: 16px; font-family: 'Calibri',sans-serif;\">\u00a0<\/p><p style=\"margin: 0cm; font-size: 16px; font-family: 'Calibri',sans-serif;\">Ihre Rechte: Sie haben das Recht, Auskunft \u00fcber Ihre personenbezogenen Daten zu verlangen, die wir gesammelt und verarbeitet haben, und zu verlangen, dass Ihre personenbezogenen Daten nach Ihrem Wunsch ge\u00e4ndert oder gel\u00f6scht werden. Sie k\u00f6nnen auch die Einschr\u00e4nkung der Verarbeitung Ihrer personenbezogenen Daten beantragen oder der Verarbeitung Ihrer personenbezogenen Daten widersprechen.<\/p><p style=\"margin: 0cm; font-size: 16px; font-family: 'Calibri',sans-serif;\">\u00a0<\/p><p style=\"margin: 0cm; font-size: 16px; font-family: 'Calibri',sans-serif;\"><strong><span style=\"font-size: 19px;\">Kontaktieren Sie uns<\/span><\/strong><\/p><p style=\"margin: 0cm; font-size: 16px; font-family: 'Calibri',sans-serif;\">\u00a0<\/p><p style=\"margin: 0cm; font-size: 16px; font-family: 'Calibri',sans-serif; line-height: 107%;\">Wenn Sie Fragen oder Anmerkungen zu unserer Datenschutzrichtlinie haben, kontaktieren Sie uns bitte \u00fcber die Kontaktdaten auf der von Ihnen gerade besuchten Website.<\/p><p style=\"margin: 0cm; font-size: 16px; font-family: 'Calibri',sans-serif;\">\u00a0<\/p><p style=\"margin: 0cm; font-size: 16px; font-family: 'Calibri',sans-serif;\"><strong>Aktualisierungen<\/strong><\/p><p style=\"margin: 0cm; font-size: 16px; font-family: 'Calibri',sans-serif;\">\u00a0<\/p><p style=\"margin: 0cm; font-size: 16px; font-family: 'Calibri',sans-serif;\">Wir behalten uns das Recht vor, diese Datenschutzerkl\u00e4rung jederzeit zu \u00e4ndern. Alle \u00c4nderungen werden auf dieser Seite ver\u00f6ffentlicht, und wir ermutigen Sie, diese Seite zu besuchen, um \u00fcber die jeweils geltende Datenschutzerkl\u00e4rung informiert zu bleiben.<\/p><p style=\"margin: 0cm; font-size: 16px; font-family: 'Calibri',sans-serif;\">\u00a0<\/p><p style=\"margin: 0cm; font-size: 16px; font-family: 'Calibri',sans-serif;\"><strong><span style=\"font-size: 19px;\">Cookie-Hinweis<\/span><\/strong><\/p><p style=\"margin: 0cm; font-size: 16px; font-family: 'Calibri',sans-serif;\">\u00a0<\/p><p style=\"margin: 0cm; font-size: 16px; font-family: 'Calibri',sans-serif;\">Diese Webseite verwendet Cookies, um Ihre Nutzererfahrung zu verbessern, relevante Inhalte bereitzustellen und den Traffic zu analysieren. Durch die weitere Nutzung dieser Seite stimmen Sie unserer Verwendung von Cookies zu.<\/p><p style=\"margin: 0cm; font-size: 16px; font-family: 'Calibri',sans-serif;\">\u00a0<\/p><p style=\"margin: 0cm; font-size: 16px; font-family: 'Calibri',sans-serif;\">Durch Ausf\u00fcllen des Kontaktformulars auf unserer Website stimmen Sie auch der Erhebung und Verarbeitung Ihrer personenbezogenen Daten gem\u00e4\u00df unserer Datenschutzrichtlinie zu.<\/p><p style=\"margin: 0cm; font-size: 16px; font-family: 'Calibri',sans-serif;\">\u00a0<\/p><p style=\"margin: 0cm; font-size: 16px; font-family: 'Calibri',sans-serif;\">Wir verwenden auf unserer Website auch Google Fonts, Google Analytics und Google Site Kit sowie Facebook Pixel. Google Fonts und Google Site Kit sind Dienste von Google Inc. und Meta Inc., die uns die Integration von Schriftarten und die Analyse der Website-Aktivit\u00e4t erm\u00f6glichen. Google Analytics sammelt Informationen \u00fcber Ihre Aktivit\u00e4ten auf unserer Website, einschlie\u00dflich der von Ihnen besuchten Seiten. Diese Informationen werden an Google \u00fcbermittelt. Weitere Informationen zu Google und seinen Datenschutzrichtlinien finden Sie auf deren Websites. Wir k\u00f6nnen auch andere Marketingplattformen nutzen, die Ihre IP-Adresse verfolgen und die gesammelten Daten speichern\/weitergeben\/verkaufen k\u00f6nnen. Wenn Sie uns kontaktieren, k\u00f6nnen wir Ihnen mitteilen, welche Plattformen wir nutzen und genutzt haben.\u00a0<\/p><p style=\"margin: 0cm; font-size: 16px; font-family: 'Calibri',sans-serif;\">\u00a0<\/p><p style=\"margin: 0cm; font-size: 16px; font-family: 'Calibri',sans-serif;\">Sie haben die M\u00f6glichkeit, Cookies \u00fcber die Einstellungen Ihres Browsers zu verwalten.<\/p><p style=\"margin: 0cm; font-size: 16px; font-family: 'Calibri',sans-serif;\">Bitte beachten Sie, dass einige Funktionen auf unserer Website ohne Cookies eingeschr\u00e4nkt oder nicht wie erwartet funktionieren k\u00f6nnten.<\/p><p style=\"margin: 0cm; font-size: 16px; font-family: 'Calibri',sans-serif;\">\u00a0<\/p><p style=\"margin: 0cm; font-size: 16px; font-family: 'Calibri',sans-serif;\">Unsere Verwendung von Cookies entspricht den geltenden Gesetzen und Vorschriften, einschlie\u00dflich der EU-Datenschutzgrundverordnung (DSGVO).<\/p><p style=\"margin: 0cm; font-size: 16px; font-family: 'Calibri',sans-serif;\">\u00a0<\/p><p style=\"margin: 0cm; font-size: 16px; font-family: 'Calibri',sans-serif;\">Wenn Sie Fragen oder Bedenken bez\u00fcglich unserer Nutzung von Cookies haben, kontaktieren Sie uns bitte.<\/p>\t\t\t\t\t\t\t\t<\/div>\n\t\t\t\t<\/div>\n\t\t\t\t\t<\/div>\n\t\t<\/div>\n\t\t\t\t\t<\/div>\n\t\t<\/section>\n\t\t\t\t<\/div>","protected":false},"excerpt":{"rendered":"<p>Personvernerkl\u00e6ring \u00a0 Vi (v\u00e5rt org.nr. og kontaktinfo finnes p\u00e5 kontaktsiden v\u00e5r eller ved s\u00f8k p\u00e5 domenet du n\u00e5 bes\u00f8ker hos Norid.no eller whois.com og videre s\u00f8k p\u00e5 org.nr. i brreg.no) tar ditt personvern alvorlig og har satt i verk n\u00f8dvendige tekniske og organisatoriske sikkerhetstiltak for \u00e5 beskytte dine personlige data. I denne personvernerkl\u00e6ringen vil vi [&hellip;]<\/p>\n","protected":false},"author":0,"featured_media":0,"parent":0,"menu_order":0,"comment_status":"closed","ping_status":"closed","template":"","meta":{"footnotes":""},"class_list":["post-5","page","type-page","status-publish","hentry"],"yoast_head":"<!-- This site is optimized with the Yoast SEO plugin v27.4 - https:\/\/yoast.com\/product\/yoast-seo-wordpress\/ -->\n<title>Personvernerklaering - Maskot Norge<\/title>\n<meta name=\"robots\" content=\"index, follow, max-snippet:-1, max-image-preview:large, max-video-preview:-1\" \/>\n<link rel=\"canonical\" href=\"https:\/\/maskotnorge.no\/de\/personvernerklaering\/\" \/>\n<meta property=\"og:locale\" content=\"de_DE\" \/>\n<meta property=\"og:type\" content=\"article\" \/>\n<meta property=\"og:title\" content=\"Personvernerklaering - Maskot Norge\" \/>\n<meta property=\"og:description\" content=\"Personvernerkl\u00e6ring \u00a0 Vi (v\u00e5rt org.nr. og kontaktinfo finnes p\u00e5 kontaktsiden v\u00e5r eller ved s\u00f8k p\u00e5 domenet du n\u00e5 bes\u00f8ker hos Norid.no eller whois.com og videre s\u00f8k p\u00e5 org.nr. i brreg.no) tar ditt personvern alvorlig og har satt i verk n\u00f8dvendige tekniske og organisatoriske sikkerhetstiltak for \u00e5 beskytte dine personlige data. I denne personvernerkl\u00e6ringen vil vi [&hellip;]\" \/>\n<meta property=\"og:url\" content=\"https:\/\/maskotnorge.no\/de\/personvernerklaering\/\" \/>\n<meta property=\"og:site_name\" content=\"Maskot Norge\" \/>\n<meta property=\"article:modified_time\" content=\"2026-03-13T14:20:32+00:00\" \/>\n<meta name=\"twitter:card\" content=\"summary_large_image\" \/>\n<meta name=\"twitter:label1\" content=\"Gesch\u00e4tzte Lesezeit\" \/>\n\t<meta name=\"twitter:data1\" content=\"5\u00a0Minuten\" \/>\n<script type=\"application\/ld+json\" class=\"yoast-schema-graph\">{\"@context\":\"https:\\\/\\\/schema.org\",\"@graph\":[{\"@type\":\"WebPage\",\"@id\":\"https:\\\/\\\/maskotnorge.no\\\/personvernerklaering\\\/\",\"url\":\"https:\\\/\\\/maskotnorge.no\\\/personvernerklaering\\\/\",\"name\":\"Personvernerklaering - Maskot Norge\",\"isPartOf\":{\"@id\":\"https:\\\/\\\/maskotnorge.no\\\/#website\"},\"datePublished\":\"2023-06-21T11:28:28+00:00\",\"dateModified\":\"2026-03-13T14:20:32+00:00\",\"breadcrumb\":{\"@id\":\"https:\\\/\\\/maskotnorge.no\\\/personvernerklaering\\\/#breadcrumb\"},\"inLanguage\":\"de\",\"potentialAction\":[{\"@type\":\"ReadAction\",\"target\":[\"https:\\\/\\\/maskotnorge.no\\\/personvernerklaering\\\/\"]}]},{\"@type\":\"BreadcrumbList\",\"@id\":\"https:\\\/\\\/maskotnorge.no\\\/personvernerklaering\\\/#breadcrumb\",\"itemListElement\":[{\"@type\":\"ListItem\",\"position\":1,\"name\":\"Hjem\",\"item\":\"https:\\\/\\\/maskotnorge.no\\\/\"},{\"@type\":\"ListItem\",\"position\":2,\"name\":\"Personvernerklaering\"}]},{\"@type\":\"WebSite\",\"@id\":\"https:\\\/\\\/maskotnorge.no\\\/#website\",\"url\":\"https:\\\/\\\/maskotnorge.no\\\/\",\"name\":\"Maskot Norge\",\"description\":\"Maskot Norge tilbyr skreddersydde maskoter som kan v\u00e6re en verdifull ressurs for din bedrift eller organisasjon. Fremhev merkevaren din med v\u00e5re unike bamser og \u00f8k merkevarebevisstheten med et effektivt logo design. Kontakt oss for \u00e5 se hvordan vi kan hjelpe deg \u00e5 skape en sterkere tilknytning til ditt merke.\",\"publisher\":{\"@id\":\"https:\\\/\\\/maskotnorge.no\\\/#organization\"},\"alternateName\":\"Maskotnorge.no\",\"potentialAction\":[{\"@type\":\"SearchAction\",\"target\":{\"@type\":\"EntryPoint\",\"urlTemplate\":\"https:\\\/\\\/maskotnorge.no\\\/?s={search_term_string}\"},\"query-input\":{\"@type\":\"PropertyValueSpecification\",\"valueRequired\":true,\"valueName\":\"search_term_string\"}}],\"inLanguage\":\"de\"},{\"@type\":\"Organization\",\"@id\":\"https:\\\/\\\/maskotnorge.no\\\/#organization\",\"name\":\"Maskot Norge\",\"url\":\"https:\\\/\\\/maskotnorge.no\\\/\",\"logo\":{\"@type\":\"ImageObject\",\"inLanguage\":\"de\",\"@id\":\"https:\\\/\\\/maskotnorge.no\\\/#\\\/schema\\\/logo\\\/image\\\/\",\"url\":\"https:\\\/\\\/maskotnorge.no\\\/wp-content\\\/uploads\\\/2023\\\/06\\\/MaskotNorge_light-scaled.png\",\"contentUrl\":\"https:\\\/\\\/maskotnorge.no\\\/wp-content\\\/uploads\\\/2023\\\/06\\\/MaskotNorge_light-scaled.png\",\"width\":2560,\"height\":1095,\"caption\":\"Maskot Norge\"},\"image\":{\"@id\":\"https:\\\/\\\/maskotnorge.no\\\/#\\\/schema\\\/logo\\\/image\\\/\"}}]}<\/script>\n<!-- \/ Yoast SEO plugin. -->","yoast_head_json":{"title":"Personvernerklaering - Maskot Norge","robots":{"index":"index","follow":"follow","max-snippet":"max-snippet:-1","max-image-preview":"max-image-preview:large","max-video-preview":"max-video-preview:-1"},"canonical":"https:\/\/maskotnorge.no\/de\/personvernerklaering\/","og_locale":"de_DE","og_type":"article","og_title":"Personvernerklaering - Maskot Norge","og_description":"Personvernerkl\u00e6ring \u00a0 Vi (v\u00e5rt org.nr. og kontaktinfo finnes p\u00e5 kontaktsiden v\u00e5r eller ved s\u00f8k p\u00e5 domenet du n\u00e5 bes\u00f8ker hos Norid.no eller whois.com og videre s\u00f8k p\u00e5 org.nr. i brreg.no) tar ditt personvern alvorlig og har satt i verk n\u00f8dvendige tekniske og organisatoriske sikkerhetstiltak for \u00e5 beskytte dine personlige data. I denne personvernerkl\u00e6ringen vil vi [&hellip;]","og_url":"https:\/\/maskotnorge.no\/de\/personvernerklaering\/","og_site_name":"Maskot Norge","article_modified_time":"2026-03-13T14:20:32+00:00","twitter_card":"summary_large_image","twitter_misc":{"Gesch\u00e4tzte Lesezeit":"5\u00a0Minuten"},"schema":{"@context":"https:\/\/schema.org","@graph":[{"@type":"WebPage","@id":"https:\/\/maskotnorge.no\/personvernerklaering\/","url":"https:\/\/maskotnorge.no\/personvernerklaering\/","name":"Personvernerklaering - Maskot Norge","isPartOf":{"@id":"https:\/\/maskotnorge.no\/#website"},"datePublished":"2023-06-21T11:28:28+00:00","dateModified":"2026-03-13T14:20:32+00:00","breadcrumb":{"@id":"https:\/\/maskotnorge.no\/personvernerklaering\/#breadcrumb"},"inLanguage":"de","potentialAction":[{"@type":"ReadAction","target":["https:\/\/maskotnorge.no\/personvernerklaering\/"]}]},{"@type":"BreadcrumbList","@id":"https:\/\/maskotnorge.no\/personvernerklaering\/#breadcrumb","itemListElement":[{"@type":"ListItem","position":1,"name":"Hjem","item":"https:\/\/maskotnorge.no\/"},{"@type":"ListItem","position":2,"name":"Personvernerklaering"}]},{"@type":"WebSite","@id":"https:\/\/maskotnorge.no\/#website","url":"https:\/\/maskotnorge.no\/","name":"Maskottchen Norwegen","description":"Maskot Norge tilbyr skreddersydde maskoter som kan v\u00e6re en verdifull ressurs for din bedrift eller organisasjon. Fremhev merkevaren din med v\u00e5re unike bamser og \u00f8k merkevarebevisstheten med et effektivt logo design. Kontakt oss for \u00e5 se hvordan vi kan hjelpe deg \u00e5 skape en sterkere tilknytning til ditt merke.","publisher":{"@id":"https:\/\/maskotnorge.no\/#organization"},"alternateName":"Maskotnorge.no","potentialAction":[{"@type":"SearchAction","target":{"@type":"EntryPoint","urlTemplate":"https:\/\/maskotnorge.no\/?s={search_term_string}"},"query-input":{"@type":"PropertyValueSpecification","valueRequired":true,"valueName":"search_term_string"}}],"inLanguage":"de"},{"@type":"Organization","@id":"https:\/\/maskotnorge.no\/#organization","name":"Maskottchen Norwegen","url":"https:\/\/maskotnorge.no\/","logo":{"@type":"ImageObject","inLanguage":"de","@id":"https:\/\/maskotnorge.no\/#\/schema\/logo\/image\/","url":"https:\/\/maskotnorge.no\/wp-content\/uploads\/2023\/06\/MaskotNorge_light-scaled.png","contentUrl":"https:\/\/maskotnorge.no\/wp-content\/uploads\/2023\/06\/MaskotNorge_light-scaled.png","width":2560,"height":1095,"caption":"Maskot Norge"},"image":{"@id":"https:\/\/maskotnorge.no\/#\/schema\/logo\/image\/"}}]}},"_links":{"self":[{"href":"https:\/\/maskotnorge.no\/de\/wp-json\/wp\/v2\/pages\/5","targetHints":{"allow":["GET"]}}],"collection":[{"href":"https:\/\/maskotnorge.no\/de\/wp-json\/wp\/v2\/pages"}],"about":[{"href":"https:\/\/maskotnorge.no\/de\/wp-json\/wp\/v2\/types\/page"}],"replies":[{"embeddable":true,"href":"https:\/\/maskotnorge.no\/de\/wp-json\/wp\/v2\/comments?post=5"}],"version-history":[{"count":3,"href":"https:\/\/maskotnorge.no\/de\/wp-json\/wp\/v2\/pages\/5\/revisions"}],"predecessor-version":[{"id":1880,"href":"https:\/\/maskotnorge.no\/de\/wp-json\/wp\/v2\/pages\/5\/revisions\/1880"}],"wp:attachment":[{"href":"https:\/\/maskotnorge.no\/de\/wp-json\/wp\/v2\/media?parent=5"}],"curies":[{"name":"wp","href":"https:\/\/api.w.org\/{rel}","templated":true}]}}