{"id":400,"date":"2021-04-30T16:12:49","date_gmt":"2021-04-30T16:12:49","guid":{"rendered":"https:\/\/maskotnorge.no\/contact\/"},"modified":"2026-04-17T11:40:17","modified_gmt":"2026-04-17T11:40:17","slug":"kontakt-oss","status":"publish","type":"page","link":"https:\/\/maskotnorge.no\/es\/kontakt-oss\/","title":{"rendered":"P\u00f3ngase en contacto con nosotros"},"content":{"rendered":"\t\t<div data-elementor-type=\"wp-page\" data-elementor-id=\"400\" class=\"elementor elementor-400\" data-elementor-post-type=\"page\">\n\t\t\t\t\t\t<section class=\"elementor-section elementor-top-section elementor-element elementor-element-c06a30e elementor-section-boxed elementor-section-height-default elementor-section-height-default\" data-id=\"c06a30e\" data-element_type=\"section\" data-e-type=\"section\">\n\t\t\t\t\t\t<div class=\"elementor-container elementor-column-gap-default\">\n\t\t\t\t\t<div class=\"elementor-column elementor-col-100 elementor-top-column elementor-element elementor-element-c7b3b35\" data-id=\"c7b3b35\" data-element_type=\"column\" data-e-type=\"column\">\n\t\t\t<div class=\"elementor-widget-wrap elementor-element-populated\">\n\t\t\t\t\t\t<div class=\"elementor-element elementor-element-3e06908 elementor-widget elementor-widget-spacer\" data-id=\"3e06908\" data-element_type=\"widget\" data-e-type=\"widget\" data-widget_type=\"spacer.default\">\n\t\t\t\t<div class=\"elementor-widget-container\">\n\t\t\t\t\t\t\t<div class=\"elementor-spacer\">\n\t\t\t<div class=\"elementor-spacer-inner\"><\/div>\n\t\t<\/div>\n\t\t\t\t\t\t<\/div>\n\t\t\t\t<\/div>\n\t\t\t\t<div class=\"elementor-element elementor-element-cd58292 elementor-widget elementor-widget-image\" data-id=\"cd58292\" data-element_type=\"widget\" data-e-type=\"widget\" data-widget_type=\"image.default\">\n\t\t\t\t<div class=\"elementor-widget-container\">\n\t\t\t\t\t\t\t\t\t\t\t\t\t\t\t<img fetchpriority=\"high\" decoding=\"async\" width=\"800\" height=\"152\" src=\"https:\/\/maskotsverige.se\/wp-content\/uploads\/2026\/03\/KontaktOss-1024x195.png\" class=\"attachment-large size-large wp-image-1821\" alt=\"KontaktOss\" srcset=\"https:\/\/maskotsverige.se\/wp-content\/uploads\/2026\/03\/KontaktOss-1024x195.png 1024w, https:\/\/maskotsverige.se\/wp-content\/uploads\/2026\/03\/KontaktOss-300x57.png 300w, https:\/\/maskotsverige.se\/wp-content\/uploads\/2026\/03\/KontaktOss-768x146.png 768w, https:\/\/maskotsverige.se\/wp-content\/uploads\/2026\/03\/KontaktOss-1536x293.png 1536w, https:\/\/maskotsverige.se\/wp-content\/uploads\/2026\/03\/KontaktOss-2048x391.png 2048w\" sizes=\"(max-width: 800px) 100vw, 800px\" \/>\t\t\t\t\t\t\t\t\t\t\t\t\t\t\t<\/div>\n\t\t\t\t<\/div>\n\t\t\t\t<div class=\"elementor-element elementor-element-3561809 elementor-widget elementor-widget-spacer\" data-id=\"3561809\" data-element_type=\"widget\" data-e-type=\"widget\" data-widget_type=\"spacer.default\">\n\t\t\t\t<div class=\"elementor-widget-container\">\n\t\t\t\t\t\t\t<div class=\"elementor-spacer\">\n\t\t\t<div class=\"elementor-spacer-inner\"><\/div>\n\t\t<\/div>\n\t\t\t\t\t\t<\/div>\n\t\t\t\t<\/div>\n\t\t\t\t<div class=\"elementor-element elementor-element-51cc95c1 elementor-widget elementor-widget-text-editor\" data-id=\"51cc95c1\" data-element_type=\"widget\" data-e-type=\"widget\" data-widget_type=\"text-editor.default\">\n\t\t\t\t<div class=\"elementor-widget-container\">\n\t\t\t\t\t\t\t\t\t<p data-sourcepos=\"1:1-1:15\"><span style=\"caret-color: #ffffff; color: #ffffff; font-size: medium;\">Lurer du p\u00e5 noe om maskoter, design eller produksjon? Ring, send en mail eller fyll ut skjemaet under.\u00a0<\/span><\/p><p data-sourcepos=\"1:1-1:15\"><span style=\"caret-color: #ffffff; color: #ffffff; font-size: medium;\">Vi svarer raskere enn en maskot som har f\u00e5tt \u00f8ye p\u00e5 gratis kake.<\/span><\/p>\t\t\t\t\t\t\t\t<\/div>\n\t\t\t\t<\/div>\n\t\t\t\t<div class=\"elementor-element elementor-element-127f1ec elementor-widget elementor-widget-spacer\" data-id=\"127f1ec\" data-element_type=\"widget\" data-e-type=\"widget\" data-widget_type=\"spacer.default\">\n\t\t\t\t<div class=\"elementor-widget-container\">\n\t\t\t\t\t\t\t<div class=\"elementor-spacer\">\n\t\t\t<div class=\"elementor-spacer-inner\"><\/div>\n\t\t<\/div>\n\t\t\t\t\t\t<\/div>\n\t\t\t\t<\/div>\n\t\t\t\t<section class=\"elementor-section elementor-inner-section elementor-element elementor-element-6f288ba elementor-section-boxed elementor-section-height-default elementor-section-height-default\" data-id=\"6f288ba\" data-element_type=\"section\" data-e-type=\"section\">\n\t\t\t\t\t\t<div class=\"elementor-container elementor-column-gap-default\">\n\t\t\t\t\t<div class=\"elementor-column elementor-col-50 elementor-inner-column elementor-element elementor-element-4538f09\" data-id=\"4538f09\" data-element_type=\"column\" data-e-type=\"column\">\n\t\t\t<div class=\"elementor-widget-wrap elementor-element-populated\">\n\t\t\t\t\t\t<div class=\"elementor-element elementor-element-f431162 elementor-icon-list--layout-traditional elementor-list-item-link-full_width elementor-widget elementor-widget-icon-list\" data-id=\"f431162\" data-element_type=\"widget\" data-e-type=\"widget\" data-widget_type=\"icon-list.default\">\n\t\t\t\t<div class=\"elementor-widget-container\">\n\t\t\t\t\t\t\t<ul class=\"elementor-icon-list-items\">\n\t\t\t\t\t\t\t<li class=\"elementor-icon-list-item\">\n\t\t\t\t\t\t\t\t\t\t\t<a href=\"mailto:kontakt@arcaio.no\">\n\n\t\t\t\t\t\t\t\t\t\t\t\t<span class=\"elementor-icon-list-icon\">\n\t\t\t\t\t\t\t<i aria-hidden=\"true\" class=\"fas fa-envelope\"><\/i>\t\t\t\t\t\t<\/span>\n\t\t\t\t\t\t\t\t\t\t<span class=\"elementor-icon-list-text\">kontakt@arcaio.no<\/span>\n\t\t\t\t\t\t\t\t\t\t\t<\/a>\n\t\t\t\t\t\t\t\t\t<\/li>\n\t\t\t\t\t\t\t\t<li class=\"elementor-icon-list-item\">\n\t\t\t\t\t\t\t\t\t\t\t<a href=\"tel:004791303888\">\n\n\t\t\t\t\t\t\t\t\t\t\t\t<span class=\"elementor-icon-list-icon\">\n\t\t\t\t\t\t\t<i aria-hidden=\"true\" class=\"fas fa-phone-alt\"><\/i>\t\t\t\t\t\t<\/span>\n\t\t\t\t\t\t\t\t\t\t<span class=\"elementor-icon-list-text\">(+47) 400 30 522<\/span>\n\t\t\t\t\t\t\t\t\t\t\t<\/a>\n\t\t\t\t\t\t\t\t\t<\/li>\n\t\t\t\t\t\t<\/ul>\n\t\t\t\t\t\t<\/div>\n\t\t\t\t<\/div>\n\t\t\t\t<div class=\"elementor-element elementor-element-b2fd53b elementor-shape-circle e-grid-align-left elementor-grid-0 elementor-widget elementor-widget-social-icons\" data-id=\"b2fd53b\" data-element_type=\"widget\" data-e-type=\"widget\" data-widget_type=\"social-icons.default\">\n\t\t\t\t<div class=\"elementor-widget-container\">\n\t\t\t\t\t\t\t<div class=\"elementor-social-icons-wrapper elementor-grid\" role=\"list\">\n\t\t\t\t\t\t\t<span class=\"elementor-grid-item\" role=\"listitem\">\n\t\t\t\t\t<a class=\"elementor-icon elementor-social-icon elementor-social-icon-facebook elementor-repeater-item-40b9b81\" href=\"https:\/\/www.facebook.com\/profile.php?id=61550814720337\" target=\"_blank\">\n\t\t\t\t\t\t<span class=\"elementor-screen-only\">Facebook<\/span>\n\t\t\t\t\t\t<i aria-hidden=\"true\" class=\"fab fa-facebook\"><\/i>\t\t\t\t\t<\/a>\n\t\t\t\t<\/span>\n\t\t\t\t\t\t\t<span class=\"elementor-grid-item\" role=\"listitem\">\n\t\t\t\t\t<a class=\"elementor-icon elementor-social-icon elementor-social-icon-instagram elementor-repeater-item-c4b2283\" href=\"https:\/\/www.instagram.com\/maskotnorge?igsh=MWcwa2xvd3RiNzhhaQ==\" target=\"_blank\">\n\t\t\t\t\t\t<span class=\"elementor-screen-only\">Instagram<\/span>\n\t\t\t\t\t\t<i aria-hidden=\"true\" class=\"fab fa-instagram\"><\/i>\t\t\t\t\t<\/a>\n\t\t\t\t<\/span>\n\t\t\t\t\t<\/div>\n\t\t\t\t\t\t<\/div>\n\t\t\t\t<\/div>\n\t\t\t\t\t<\/div>\n\t\t<\/div>\n\t\t\t\t<div class=\"elementor-column elementor-col-50 elementor-inner-column elementor-element elementor-element-8647b51\" data-id=\"8647b51\" data-element_type=\"column\" data-e-type=\"column\">\n\t\t\t<div class=\"elementor-widget-wrap elementor-element-populated\">\n\t\t\t\t\t\t<div class=\"elementor-element elementor-element-1eb30e6 elementor-widget elementor-widget-text-editor\" data-id=\"1eb30e6\" data-element_type=\"widget\" data-e-type=\"widget\" data-widget_type=\"text-editor.default\">\n\t\t\t\t<div class=\"elementor-widget-container\">\n\t\t\t\t\t\t\t\t\t<p data-sourcepos=\"1:1-1:15\"><span style=\"caret-color: rgb(255, 255, 255); color: rgb(255, 255, 255); font-size: medium;\">Har du allerede tanker eller id\u00e9er til en maskot, kan du gjerne fylle ut v\u00e5rt uforpliktende sp\u00f8rreskjema. Det sendes direkte til v\u00e5re kundebehandlere og gir oss et tydelig utgangspunkt for \u00e5 forst\u00e5 dine \u00f8nsker. Slik kan vi jobbe mer m\u00e5lrettet fra start og gj\u00f8re prosessen b\u00e5de enklere og mer effektiv \u2013 for b\u00e5de deg og oss:<\/span><br><\/p>\t\t\t\t\t\t\t\t<\/div>\n\t\t\t\t<\/div>\n\t\t\t\t<div class=\"elementor-element elementor-element-329a7b1 elementor-align-center elementor-widget elementor-widget-button\" data-id=\"329a7b1\" data-element_type=\"widget\" data-e-type=\"widget\" data-widget_type=\"button.default\">\n\t\t\t\t<div class=\"elementor-widget-container\">\n\t\t\t\t\t\t\t\t\t<div class=\"elementor-button-wrapper\">\n\t\t\t\t\t<a class=\"elementor-button elementor-button-link elementor-size-sm\" href=\"https:\/\/new-form-project-d4937f.zapier.app\/\" target=\"_blank\">\n\t\t\t\t\t\t<span class=\"elementor-button-content-wrapper\">\n\t\t\t\t\t\t\t\t\t<span class=\"elementor-button-text\">Til skjema<\/span>\n\t\t\t\t\t<\/span>\n\t\t\t\t\t<\/a>\n\t\t\t\t<\/div>\n\t\t\t\t\t\t\t\t<\/div>\n\t\t\t\t<\/div>\n\t\t\t\t\t<\/div>\n\t\t<\/div>\n\t\t\t\t\t<\/div>\n\t\t<\/section>\n\t\t\t\t<div class=\"elementor-element elementor-element-08d9b45 elementor-widget elementor-widget-spacer\" data-id=\"08d9b45\" data-element_type=\"widget\" data-e-type=\"widget\" data-widget_type=\"spacer.default\">\n\t\t\t\t<div class=\"elementor-widget-container\">\n\t\t\t\t\t\t\t<div class=\"elementor-spacer\">\n\t\t\t<div class=\"elementor-spacer-inner\"><\/div>\n\t\t<\/div>\n\t\t\t\t\t\t<\/div>\n\t\t\t\t<\/div>\n\t\t\t\t<div class=\"elementor-element elementor-element-0390b00 elementor-button-align-center elementor-widget elementor-widget-form\" data-id=\"0390b00\" data-element_type=\"widget\" data-e-type=\"widget\" data-settings=\"{&quot;step_next_label&quot;:&quot;Next&quot;,&quot;step_previous_label&quot;:&quot;Previous&quot;,&quot;button_width&quot;:&quot;100&quot;,&quot;step_type&quot;:&quot;number_text&quot;,&quot;step_icon_shape&quot;:&quot;circle&quot;}\" data-widget_type=\"form.default\">\n\t\t\t\t<div class=\"elementor-widget-container\">\n\t\t\t\t\t\t\t<form class=\"elementor-form\" method=\"post\" name=\"Maskot Form\" aria-label=\"Maskot Form\">\n\t\t\t<input type=\"hidden\" name=\"post_id\" value=\"400\"\/>\n\t\t\t<input type=\"hidden\" name=\"form_id\" value=\"0390b00\"\/>\n\t\t\t<input type=\"hidden\" name=\"referer_title\" value=\"Kontakt oss - Maskot Norge\" \/>\n\n\t\t\t\t\t\t\t<input type=\"hidden\" name=\"queried_id\" value=\"400\"\/>\n\t\t\t\n\t\t\t<div class=\"elementor-form-fields-wrapper elementor-labels-above\">\n\t\t\t\t\t\t\t\t<div class=\"elementor-field-type-text elementor-field-group elementor-column elementor-field-group-name elementor-col-50 elementor-field-required elementor-mark-required\">\n\t\t\t\t\t\t\t\t\t\t\t\t<label for=\"form-field-name\" class=\"elementor-field-label\">\n\t\t\t\t\t\t\t\tNavn\t\t\t\t\t\t\t<\/label>\n\t\t\t\t\t\t\t\t\t\t\t\t\t\t<input size=\"1\" type=\"text\" name=\"form_fields[name]\" id=\"form-field-name\" class=\"elementor-field elementor-size-sm  elementor-field-textual\" placeholder=\"Navn\" required=\"required\">\n\t\t\t\t\t\t\t\t\t\t\t<\/div>\n\t\t\t\t\t\t\t\t<div class=\"elementor-field-type-select elementor-field-group elementor-column elementor-field-group-field_4a1fde7 elementor-col-50 elementor-field-required elementor-mark-required\">\n\t\t\t\t\t\t\t\t\t\t\t\t<label for=\"form-field-field_4a1fde7\" class=\"elementor-field-label\">\n\t\t\t\t\t\t\t\tHvilken avdeling \u00f8nsker du \u00e5 komme i kontakt med?\t\t\t\t\t\t\t<\/label>\n\t\t\t\t\t\t\t\t<div class=\"elementor-field elementor-select-wrapper remove-before \">\n\t\t\t<div class=\"select-caret-down-wrapper\">\n\t\t\t\t<i aria-hidden=\"true\" class=\"eicon-caret-down\"><\/i>\t\t\t<\/div>\n\t\t\t<select name=\"form_fields[field_4a1fde7]\" id=\"form-field-field_4a1fde7\" class=\"elementor-field-textual elementor-size-sm\" required=\"required\">\n\t\t\t\t\t\t\t\t\t<option value=\"Maskot Norge\">Maskot Norge<\/option>\n\t\t\t\t\t\t\t\t\t<option value=\"Maskot Sverige\">Maskot Sverige<\/option>\n\t\t\t\t\t\t\t\t\t<option value=\"Mascot Europe\">Mascot Europe<\/option>\n\t\t\t\t\t\t\t<\/select>\n\t\t<\/div>\n\t\t\t\t\t\t<\/div>\n\t\t\t\t\t\t\t\t<div class=\"elementor-field-type-email elementor-field-group elementor-column elementor-field-group-email elementor-col-50 elementor-field-required elementor-mark-required\">\n\t\t\t\t\t\t\t\t\t\t\t\t<label for=\"form-field-email\" class=\"elementor-field-label\">\n\t\t\t\t\t\t\t\tEmail\t\t\t\t\t\t\t<\/label>\n\t\t\t\t\t\t\t\t\t\t\t\t\t\t<input size=\"1\" type=\"email\" name=\"form_fields[email]\" id=\"form-field-email\" class=\"elementor-field elementor-size-sm  elementor-field-textual\" placeholder=\"Email\" required=\"required\">\n\t\t\t\t\t\t\t\t\t\t\t<\/div>\n\t\t\t\t\t\t\t\t<div class=\"elementor-field-type-tel elementor-field-group elementor-column elementor-field-group-field_c57f99d elementor-col-50\">\n\t\t\t\t\t\t\t\t\t\t\t\t<label for=\"form-field-field_c57f99d\" class=\"elementor-field-label\">\n\t\t\t\t\t\t\t\tTelefonnr.\t\t\t\t\t\t\t<\/label>\n\t\t\t\t\t\t\t\t<input size=\"1\" type=\"tel\" name=\"form_fields[field_c57f99d]\" id=\"form-field-field_c57f99d\" class=\"elementor-field elementor-size-sm  elementor-field-textual\" placeholder=\"Telefonnr.\" pattern=\"[0-9()#&amp;+*-=.]+\" title=\"Endast siffror och telefontecken (#, -, *, etc) accepteras.\">\n\n\t\t\t\t\t\t<\/div>\n\t\t\t\t\t\t\t\t<div class=\"elementor-field-type-textarea elementor-field-group elementor-column elementor-field-group-field_5ed65ce elementor-col-100\">\n\t\t\t\t\t\t\t\t\t\t\t\t<label for=\"form-field-field_5ed65ce\" class=\"elementor-field-label\">\n\t\t\t\t\t\t\t\tFortell oss litt om deres behov, m\u00e5l og hva dere \u00f8nsker \u00e5 oppn\u00e5\t\t\t\t\t\t\t<\/label>\n\t\t\t\t\t\t<textarea class=\"elementor-field-textual elementor-field  elementor-size-sm\" name=\"form_fields[field_5ed65ce]\" id=\"form-field-field_5ed65ce\" rows=\"3\" placeholder=\"Beskriv gjerne hvem dere \u00f8nsker \u00e5 n\u00e5, hva dere \u00f8nsker \u00e5 oppn\u00e5 (f.eks. \u00f8kt synlighet, mer engasjement eller en tydeligere profil), og eventuelle utfordringer dere opplever i dag. Har dere tanker om stil, uttrykk eller bruk av maskot, er det ogs\u00e5 fint \u00e5 f\u00e5 med.\"><\/textarea>\t\t\t\t<\/div>\n\t\t\t\t\t\t\t\t<div class=\"elementor-field-group elementor-column elementor-field-type-submit elementor-col-100 e-form__buttons\">\n\t\t\t\t\t<button class=\"elementor-button elementor-size-sm\" type=\"submit\">\n\t\t\t\t\t\t<span class=\"elementor-button-content-wrapper\">\n\t\t\t\t\t\t\t\t\t\t\t\t\t\t\t\t\t\t\t\t\t\t<span class=\"elementor-button-text\">Send<\/span>\n\t\t\t\t\t\t\t\t\t\t\t\t\t<\/span>\n\t\t\t\t\t<\/button>\n\t\t\t\t<\/div>\n\t\t\t<\/div>\n\t\t<\/form>\n\t\t\t\t\t\t<\/div>\n\t\t\t\t<\/div>\n\t\t\t\t\t<\/div>\n\t\t<\/div>\n\t\t\t\t\t<\/div>\n\t\t<\/section>\n\t\t\t\t<\/div>\n\t\t","protected":false},"excerpt":{"rendered":"<p>Lurer du p\u00e5 noe om maskoter, design eller produksjon? Ring, send en mail eller fyll ut skjemaet under.\u00a0 Vi svarer raskere enn en maskot som har f\u00e5tt \u00f8ye p\u00e5 gratis kake. kontakt@arcaio.no (+47) 400 30 522 Facebook Instagram Har du allerede tanker eller id\u00e9er til en maskot, kan du gjerne fylle ut v\u00e5rt uforpliktende sp\u00f8rreskjema. [&hellip;]<\/p>\n","protected":false},"author":1,"featured_media":0,"parent":0,"menu_order":0,"comment_status":"closed","ping_status":"closed","template":"","meta":{"footnotes":""},"class_list":["post-400","page","type-page","status-publish","hentry"],"yoast_head":"<!-- This site is optimized with the Yoast SEO plugin v27.4 - https:\/\/yoast.com\/product\/yoast-seo-wordpress\/ -->\n<title>Kontakt oss - Maskot Norge<\/title>\n<meta name=\"robots\" content=\"index, follow, max-snippet:-1, max-image-preview:large, max-video-preview:-1\" \/>\n<link rel=\"canonical\" href=\"https:\/\/maskotnorge.no\/es\/kontakt-oss\/\" \/>\n<meta property=\"og:locale\" content=\"es_ES\" \/>\n<meta property=\"og:type\" content=\"article\" \/>\n<meta property=\"og:title\" content=\"Kontakt oss - Maskot Norge\" \/>\n<meta property=\"og:description\" content=\"Lurer du p\u00e5 noe om maskoter, design eller produksjon? Ring, send en mail eller fyll ut skjemaet under.\u00a0 Vi svarer raskere enn en maskot som har f\u00e5tt \u00f8ye p\u00e5 gratis kake. kontakt@arcaio.no (+47) 400 30 522 Facebook Instagram Har du allerede tanker eller id\u00e9er til en maskot, kan du gjerne fylle ut v\u00e5rt uforpliktende sp\u00f8rreskjema. [&hellip;]\" \/>\n<meta property=\"og:url\" content=\"https:\/\/maskotnorge.no\/es\/kontakt-oss\/\" \/>\n<meta property=\"og:site_name\" content=\"Maskot Norge\" \/>\n<meta property=\"article:modified_time\" content=\"2026-04-17T11:40:17+00:00\" \/>\n<meta property=\"og:image\" content=\"https:\/\/maskotnorge.no\/wp-content\/uploads\/2026\/03\/KontaktOss-scaled.png\" \/>\n\t<meta property=\"og:image:width\" content=\"2560\" \/>\n\t<meta property=\"og:image:height\" content=\"488\" \/>\n\t<meta property=\"og:image:type\" content=\"image\/png\" \/>\n<meta name=\"twitter:card\" content=\"summary_large_image\" \/>\n<meta name=\"twitter:label1\" content=\"Tiempo de lectura\" \/>\n\t<meta name=\"twitter:data1\" content=\"1 minuto\" \/>\n<script type=\"application\/ld+json\" class=\"yoast-schema-graph\">{\"@context\":\"https:\\\/\\\/schema.org\",\"@graph\":[{\"@type\":\"WebPage\",\"@id\":\"https:\\\/\\\/maskotnorge.no\\\/kontakt-oss\\\/\",\"url\":\"https:\\\/\\\/maskotnorge.no\\\/kontakt-oss\\\/\",\"name\":\"Kontakt oss - Maskot Norge\",\"isPartOf\":{\"@id\":\"https:\\\/\\\/maskotnorge.no\\\/#website\"},\"primaryImageOfPage\":{\"@id\":\"https:\\\/\\\/maskotnorge.no\\\/kontakt-oss\\\/#primaryimage\"},\"image\":{\"@id\":\"https:\\\/\\\/maskotnorge.no\\\/kontakt-oss\\\/#primaryimage\"},\"thumbnailUrl\":\"https:\\\/\\\/maskotnorge.no\\\/wp-content\\\/uploads\\\/2026\\\/03\\\/KontaktOss-1024x195.png\",\"datePublished\":\"2021-04-30T16:12:49+00:00\",\"dateModified\":\"2026-04-17T11:40:17+00:00\",\"breadcrumb\":{\"@id\":\"https:\\\/\\\/maskotnorge.no\\\/kontakt-oss\\\/#breadcrumb\"},\"inLanguage\":\"es\",\"potentialAction\":[{\"@type\":\"ReadAction\",\"target\":[\"https:\\\/\\\/maskotnorge.no\\\/kontakt-oss\\\/\"]}]},{\"@type\":\"ImageObject\",\"inLanguage\":\"es\",\"@id\":\"https:\\\/\\\/maskotnorge.no\\\/kontakt-oss\\\/#primaryimage\",\"url\":\"https:\\\/\\\/maskotnorge.no\\\/wp-content\\\/uploads\\\/2026\\\/03\\\/KontaktOss-1024x195.png\",\"contentUrl\":\"https:\\\/\\\/maskotnorge.no\\\/wp-content\\\/uploads\\\/2026\\\/03\\\/KontaktOss-1024x195.png\"},{\"@type\":\"BreadcrumbList\",\"@id\":\"https:\\\/\\\/maskotnorge.no\\\/kontakt-oss\\\/#breadcrumb\",\"itemListElement\":[{\"@type\":\"ListItem\",\"position\":1,\"name\":\"Hjem\",\"item\":\"https:\\\/\\\/maskotnorge.no\\\/\"},{\"@type\":\"ListItem\",\"position\":2,\"name\":\"Kontakt oss\"}]},{\"@type\":\"WebSite\",\"@id\":\"https:\\\/\\\/maskotnorge.no\\\/#website\",\"url\":\"https:\\\/\\\/maskotnorge.no\\\/\",\"name\":\"Maskot Norge\",\"description\":\"Maskot Norge tilbyr skreddersydde maskoter som kan v\u00e6re en verdifull ressurs for din bedrift eller organisasjon. Fremhev merkevaren din med v\u00e5re unike bamser og \u00f8k merkevarebevisstheten med et effektivt logo design. Kontakt oss for \u00e5 se hvordan vi kan hjelpe deg \u00e5 skape en sterkere tilknytning til ditt merke.\",\"publisher\":{\"@id\":\"https:\\\/\\\/maskotnorge.no\\\/#organization\"},\"alternateName\":\"Maskotnorge.no\",\"potentialAction\":[{\"@type\":\"SearchAction\",\"target\":{\"@type\":\"EntryPoint\",\"urlTemplate\":\"https:\\\/\\\/maskotnorge.no\\\/?s={search_term_string}\"},\"query-input\":{\"@type\":\"PropertyValueSpecification\",\"valueRequired\":true,\"valueName\":\"search_term_string\"}}],\"inLanguage\":\"es\"},{\"@type\":\"Organization\",\"@id\":\"https:\\\/\\\/maskotnorge.no\\\/#organization\",\"name\":\"Maskot Norge\",\"url\":\"https:\\\/\\\/maskotnorge.no\\\/\",\"logo\":{\"@type\":\"ImageObject\",\"inLanguage\":\"es\",\"@id\":\"https:\\\/\\\/maskotnorge.no\\\/#\\\/schema\\\/logo\\\/image\\\/\",\"url\":\"https:\\\/\\\/maskotnorge.no\\\/wp-content\\\/uploads\\\/2023\\\/06\\\/MaskotNorge_light-scaled.png\",\"contentUrl\":\"https:\\\/\\\/maskotnorge.no\\\/wp-content\\\/uploads\\\/2023\\\/06\\\/MaskotNorge_light-scaled.png\",\"width\":2560,\"height\":1095,\"caption\":\"Maskot Norge\"},\"image\":{\"@id\":\"https:\\\/\\\/maskotnorge.no\\\/#\\\/schema\\\/logo\\\/image\\\/\"}}]}<\/script>\n<!-- \/ Yoast SEO plugin. -->","yoast_head_json":{"title":"Kontakt oss - Maskot Norge","robots":{"index":"index","follow":"follow","max-snippet":"max-snippet:-1","max-image-preview":"max-image-preview:large","max-video-preview":"max-video-preview:-1"},"canonical":"https:\/\/maskotnorge.no\/es\/kontakt-oss\/","og_locale":"es_ES","og_type":"article","og_title":"Kontakt oss - Maskot Norge","og_description":"Lurer du p\u00e5 noe om maskoter, design eller produksjon? Ring, send en mail eller fyll ut skjemaet under.\u00a0 Vi svarer raskere enn en maskot som har f\u00e5tt \u00f8ye p\u00e5 gratis kake. kontakt@arcaio.no (+47) 400 30 522 Facebook Instagram Har du allerede tanker eller id\u00e9er til en maskot, kan du gjerne fylle ut v\u00e5rt uforpliktende sp\u00f8rreskjema. [&hellip;]","og_url":"https:\/\/maskotnorge.no\/es\/kontakt-oss\/","og_site_name":"Maskot Norge","article_modified_time":"2026-04-17T11:40:17+00:00","og_image":[{"width":2560,"height":488,"url":"https:\/\/maskotnorge.no\/wp-content\/uploads\/2026\/03\/KontaktOss-scaled.png","type":"image\/png"}],"twitter_card":"summary_large_image","twitter_misc":{"Tiempo de lectura":"1 minuto"},"schema":{"@context":"https:\/\/schema.org","@graph":[{"@type":"WebPage","@id":"https:\/\/maskotnorge.no\/kontakt-oss\/","url":"https:\/\/maskotnorge.no\/kontakt-oss\/","name":"Kontakt oss - Maskot Norge","isPartOf":{"@id":"https:\/\/maskotnorge.no\/#website"},"primaryImageOfPage":{"@id":"https:\/\/maskotnorge.no\/kontakt-oss\/#primaryimage"},"image":{"@id":"https:\/\/maskotnorge.no\/kontakt-oss\/#primaryimage"},"thumbnailUrl":"https:\/\/maskotnorge.no\/wp-content\/uploads\/2026\/03\/KontaktOss-1024x195.png","datePublished":"2021-04-30T16:12:49+00:00","dateModified":"2026-04-17T11:40:17+00:00","breadcrumb":{"@id":"https:\/\/maskotnorge.no\/kontakt-oss\/#breadcrumb"},"inLanguage":"es","potentialAction":[{"@type":"ReadAction","target":["https:\/\/maskotnorge.no\/kontakt-oss\/"]}]},{"@type":"ImageObject","inLanguage":"es","@id":"https:\/\/maskotnorge.no\/kontakt-oss\/#primaryimage","url":"https:\/\/maskotnorge.no\/wp-content\/uploads\/2026\/03\/KontaktOss-1024x195.png","contentUrl":"https:\/\/maskotnorge.no\/wp-content\/uploads\/2026\/03\/KontaktOss-1024x195.png"},{"@type":"BreadcrumbList","@id":"https:\/\/maskotnorge.no\/kontakt-oss\/#breadcrumb","itemListElement":[{"@type":"ListItem","position":1,"name":"Hjem","item":"https:\/\/maskotnorge.no\/"},{"@type":"ListItem","position":2,"name":"Kontakt oss"}]},{"@type":"WebSite","@id":"https:\/\/maskotnorge.no\/#website","url":"https:\/\/maskotnorge.no\/","name":"Mascota Noruega","description":"Maskot Norge tilbyr skreddersydde maskoter som kan v\u00e6re en verdifull ressurs for din bedrift eller organisasjon. Fremhev merkevaren din med v\u00e5re unike bamser og \u00f8k merkevarebevisstheten med et effektivt logo design. Kontakt oss for \u00e5 se hvordan vi kan hjelpe deg \u00e5 skape en sterkere tilknytning til ditt merke.","publisher":{"@id":"https:\/\/maskotnorge.no\/#organization"},"alternateName":"Maskotnorge.no","potentialAction":[{"@type":"SearchAction","target":{"@type":"EntryPoint","urlTemplate":"https:\/\/maskotnorge.no\/?s={search_term_string}"},"query-input":{"@type":"PropertyValueSpecification","valueRequired":true,"valueName":"search_term_string"}}],"inLanguage":"es"},{"@type":"Organization","@id":"https:\/\/maskotnorge.no\/#organization","name":"Mascota Noruega","url":"https:\/\/maskotnorge.no\/","logo":{"@type":"ImageObject","inLanguage":"es","@id":"https:\/\/maskotnorge.no\/#\/schema\/logo\/image\/","url":"https:\/\/maskotnorge.no\/wp-content\/uploads\/2023\/06\/MaskotNorge_light-scaled.png","contentUrl":"https:\/\/maskotnorge.no\/wp-content\/uploads\/2023\/06\/MaskotNorge_light-scaled.png","width":2560,"height":1095,"caption":"Maskot Norge"},"image":{"@id":"https:\/\/maskotnorge.no\/#\/schema\/logo\/image\/"}}]}},"_links":{"self":[{"href":"https:\/\/maskotnorge.no\/es\/wp-json\/wp\/v2\/pages\/400","targetHints":{"allow":["GET"]}}],"collection":[{"href":"https:\/\/maskotnorge.no\/es\/wp-json\/wp\/v2\/pages"}],"about":[{"href":"https:\/\/maskotnorge.no\/es\/wp-json\/wp\/v2\/types\/page"}],"author":[{"embeddable":true,"href":"https:\/\/maskotnorge.no\/es\/wp-json\/wp\/v2\/users\/1"}],"replies":[{"embeddable":true,"href":"https:\/\/maskotnorge.no\/es\/wp-json\/wp\/v2\/comments?post=400"}],"version-history":[{"count":5,"href":"https:\/\/maskotnorge.no\/es\/wp-json\/wp\/v2\/pages\/400\/revisions"}],"predecessor-version":[{"id":2094,"href":"https:\/\/maskotnorge.no\/es\/wp-json\/wp\/v2\/pages\/400\/revisions\/2094"}],"wp:attachment":[{"href":"https:\/\/maskotnorge.no\/es\/wp-json\/wp\/v2\/media?parent=400"}],"curies":[{"name":"wp","href":"https:\/\/api.w.org\/{rel}","templated":true}]}}