{"id":5,"date":"2023-06-21T11:28:28","date_gmt":"2023-06-21T11:28:28","guid":{"rendered":"https:\/\/maskotnorge.no\/?page_id=5"},"modified":"2026-03-13T14:20:32","modified_gmt":"2026-03-13T14:20:32","slug":"personvernerklaering","status":"publish","type":"page","link":"https:\/\/maskotnorge.no\/es\/personvernerklaering\/","title":{"rendered":"Protecci\u00f3n de datos"},"content":{"rendered":"<div data-elementor-type=\"wp-page\" data-elementor-id=\"5\" class=\"elementor elementor-5\" data-elementor-post-type=\"page\">\n\t\t\t\t\t\t<section class=\"elementor-section elementor-top-section elementor-element elementor-element-7a58580f elementor-section-boxed elementor-section-height-default elementor-section-height-default\" data-id=\"7a58580f\" data-element_type=\"section\" data-e-type=\"section\">\n\t\t\t\t\t\t<div class=\"elementor-container elementor-column-gap-default\">\n\t\t\t\t\t<div class=\"elementor-column elementor-col-100 elementor-top-column elementor-element elementor-element-117c2535\" data-id=\"117c2535\" data-element_type=\"column\" data-e-type=\"column\">\n\t\t\t<div class=\"elementor-widget-wrap elementor-element-populated\">\n\t\t\t\t\t\t<div class=\"elementor-element elementor-element-8ab7602 elementor-widget elementor-widget-spacer\" data-id=\"8ab7602\" data-element_type=\"widget\" data-e-type=\"widget\" data-widget_type=\"spacer.default\">\n\t\t\t\t<div class=\"elementor-widget-container\">\n\t\t\t\t\t\t\t<div class=\"elementor-spacer\">\n\t\t\t<div class=\"elementor-spacer-inner\"><\/div>\n\t\t<\/div>\n\t\t\t\t\t\t<\/div>\n\t\t\t\t<\/div>\n\t\t\t\t<div class=\"elementor-element elementor-element-5aec6cca elementor-widget elementor-widget-text-editor\" data-id=\"5aec6cca\" data-element_type=\"widget\" data-e-type=\"widget\" data-widget_type=\"text-editor.default\">\n\t\t\t\t<div class=\"elementor-widget-container\">\n\t\t\t\t\t\t\t\t\t<p style=\"margin: 0cm; font-size: 16px; font-family: 'Calibri',sans-serif;\"><strong><span style=\"font-size: 19px;\">Pol\u00edtica de privacidad<\/span><\/strong><\/p><p style=\"margin: 0cm; font-size: 16px; font-family: 'Calibri',sans-serif;\">\u00a0<\/p><p style=\"margin: 0cm; font-size: 16px; font-family: 'Calibri',sans-serif;\">Nosotros (el n\u00famero de registro de nuestra empresa y los datos de contacto se pueden encontrar en nuestra p\u00e1gina de contacto o buscando el dominio que est\u00e1 visitando actualmente en Norid.no o whois.com y luego buscando el n\u00famero de registro de la empresa en brreg.no) nos tomamos muy en serio su privacidad y hemos aplicado las medidas de seguridad t\u00e9cnicas y organizativas necesarias para proteger sus datos personales. En esta pol\u00edtica de privacidad, le informaremos sobre c\u00f3mo recogemos, utilizamos, almacenamos y protegemos sus datos personales cuando visita nuestro sitio web.\u00a0<\/p><p style=\"margin: 0cm; font-size: 16px; font-family: 'Calibri',sans-serif;\">\u00a0<\/p><p style=\"margin: 0cm; font-size: 16px; font-family: 'Calibri',sans-serif;\"><strong><span style=\"font-size: 19px;\">Recogida de datos<\/span><\/strong><\/p><p style=\"margin: 0cm; font-size: 16px; font-family: 'Calibri',sans-serif;\">\u00a0<\/p><p style=\"margin: 0cm; font-size: 16px; font-family: 'Calibri',sans-serif;\">Formulario de contacto: Cuando env\u00eda una consulta a trav\u00e9s de nuestro formulario de contacto, la informaci\u00f3n sobre su nombre, direcci\u00f3n de correo electr\u00f3nico, datos de contacto y otra informaci\u00f3n que proporcione puede almacenarse en nuestra base de datos.\u00a0<\/p><p style=\"margin: 0cm; font-size: 16px; font-family: 'Calibri',sans-serif;\">\u00a0<\/p><p style=\"margin: 0cm; font-size: 16px; font-family: 'Calibri',sans-serif;\">Google Fonts: Utilizamos Google Fonts para mejorar la apariencia de nuestro sitio web. Esto puede dar lugar a que Google recopile informaci\u00f3n sobre su uso del sitio web.<\/p><p style=\"margin: 0cm; font-size: 16px; font-family: 'Calibri',sans-serif;\">\u00a0<\/p><p style=\"margin: 0cm; font-size: 16px; font-family: 'Calibri',sans-serif;\">Google Analytics: Utilizamos Google Analytics para analizar el tr\u00e1fico y el uso de nuestro sitio web. Esto puede dar lugar a que Google recopile informaci\u00f3n sobre su uso del sitio web.<\/p><p style=\"margin: 0cm; font-size: 16px; font-family: 'Calibri',sans-serif;\">\u00a0<\/p><p style=\"margin: 0cm; font-size: 16px; font-family: 'Calibri',sans-serif;\">Google Site Kit: Utilizamos Google Site Kit para administrar y mantener nuestro sitio web. Esto puede dar lugar a que Google recopile informaci\u00f3n sobre su uso del sitio web.<\/p><p style=\"margin: 0cm; font-size: 16px; font-family: 'Calibri',sans-serif;\">\u00a0<\/p><p style=\"margin: 0cm; font-size: 16px; font-family: 'Calibri',sans-serif;\">P\u00edxel de Facebook: Utilizamos el p\u00edxel de Facebook\/Meta para comprender y medir el impacto de la publicidad en la plataforma de Facebook.<\/p><p style=\"margin: 0cm; font-size: 16px; font-family: 'Calibri',sans-serif;\">\u00a0<\/p><p style=\"margin: 0cm; font-size: 16px; font-family: 'Calibri',sans-serif;\">Redes sociales: Podemos utilizar medios sociales y otras plataformas de marketing, como Facebook, Instagram, Twitter, TikTok, Pinterest, etc. (la lista no es exhaustiva), lo que puede dar lugar a la recopilaci\u00f3n de su informaci\u00f3n. P\u00f3ngase en contacto con nosotros para conocer las plataformas actuales y anteriores.<\/p><p style=\"margin: 0cm; font-size: 16px; font-family: 'Calibri',sans-serif;\">\u00a0<\/p><p style=\"margin: 0cm; font-size: 16px; font-family: 'Calibri',sans-serif;\">Podemos revelar sus datos personales a terceros de acuerdo con las normas de protecci\u00f3n de datos aplicables de la Autoridad Noruega de Protecci\u00f3n de Datos, pero normalmente no revelamos sus datos personales a terceros a menos que los terceros sean socios nuestros y la revelaci\u00f3n sea necesaria para cumplir el\/los servicio(s) que le ofrecemos.\u00a0<\/p><p style=\"margin: 0cm; font-size: 16px; font-family: 'Calibri',sans-serif;\"><strong><span style=\"font-size: 19px;\">\u00a0<\/span><\/strong><\/p><p style=\"margin: 0cm; font-size: 16px; font-family: 'Calibri',sans-serif;\"><strong><span style=\"font-size: 19px;\">Uso de datos<\/span><\/strong><\/p><p style=\"margin: 0cm; font-size: 16px; font-family: 'Calibri',sans-serif;\">\u00a0<\/p><p style=\"margin: 0cm; font-size: 16px; font-family: 'Calibri',sans-serif;\">Utilizamos sus datos personales para responder a las consultas que nos env\u00eda a trav\u00e9s de nuestro formulario de contacto, mejorar la experiencia del usuario en nuestro sitio web y realizar an\u00e1lisis para mejorar nuestro sitio web.<\/p><p style=\"margin: 0cm; font-size: 16px; font-family: 'Calibri',sans-serif;\">\u00a0<\/p><p style=\"margin: 0cm; font-size: 16px; font-family: 'Calibri',sans-serif; line-height: 107%;\">Conservaci\u00f3n de datos: Sus datos pueden almacenarse durante el tiempo que sea necesario, o puede ponerse en contacto con nosotros para solicitar su eliminaci\u00f3n. Los datos se almacenan en los servidores de nuestros proveedores. Puede ponerse en contacto con nosotros para obtener informaci\u00f3n sobre qu\u00e9 proveedor utilizamos y hemos utilizado. Tambi\u00e9n puede buscar la informaci\u00f3n sobre su proveedor actual a trav\u00e9s de norid.no o whois.com, donde tambi\u00e9n podr\u00e1 averiguar en qu\u00e9 pa\u00eds est\u00e1n almacenados los datos.<\/p><p style=\"margin: 0cm; font-size: 16px; font-family: 'Calibri',sans-serif;\"><strong>\u00a0<\/strong><\/p><p style=\"margin: 0cm; font-size: 16px; font-family: 'Calibri',sans-serif;\">Seguridad de los datos:<strong>\u00a0<\/strong>Hemos implantado las medidas de seguridad t\u00e9cnicas y organizativas necesarias para proteger sus datos personales contra el acceso, la modificaci\u00f3n, la divulgaci\u00f3n o la destrucci\u00f3n no autorizados. Adem\u00e1s de nuestras rutinas internas, nuestros proveedores tambi\u00e9n cuentan con sus propias medidas de seguridad, que puede conocer poni\u00e9ndose en contacto con nosotros para solicitar informaci\u00f3n sobre nuestros proveedores.<\/p><p style=\"margin: 0cm; font-size: 16px; font-family: 'Calibri',sans-serif;\">\u00a0<\/p><p style=\"margin: 0cm; font-size: 16px; font-family: 'Calibri',sans-serif;\">Sus derechos: Tiene derecho a solicitar informaci\u00f3n sobre sus datos personales que hayamos recopilado y estemos tratando, y a solicitar que se modifiquen o supriman sus datos personales, siempre que lo desee. Tambi\u00e9n puede solicitar que se restrinja el tratamiento de sus datos personales u oponerse a dicho tratamiento.<\/p><p style=\"margin: 0cm; font-size: 16px; font-family: 'Calibri',sans-serif;\">\u00a0<\/p><p style=\"margin: 0cm; font-size: 16px; font-family: 'Calibri',sans-serif;\"><strong><span style=\"font-size: 19px;\">P\u00f3ngase en contacto con nosotros<\/span><\/strong><\/p><p style=\"margin: 0cm; font-size: 16px; font-family: 'Calibri',sans-serif;\">\u00a0<\/p><p style=\"margin: 0cm; font-size: 16px; font-family: 'Calibri',sans-serif; line-height: 107%;\">Si tiene alguna pregunta o comentario sobre nuestra pol\u00edtica de privacidad, p\u00f3ngase en contacto con nosotros a trav\u00e9s de la informaci\u00f3n de contacto del sitio web que est\u00e1 visitando.<\/p><p style=\"margin: 0cm; font-size: 16px; font-family: 'Calibri',sans-serif;\">\u00a0<\/p><p style=\"margin: 0cm; font-size: 16px; font-family: 'Calibri',sans-serif;\"><strong>Actualizaciones<\/strong><\/p><p style=\"margin: 0cm; font-size: 16px; font-family: 'Calibri',sans-serif;\">\u00a0<\/p><p style=\"margin: 0cm; font-size: 16px; font-family: 'Calibri',sans-serif;\">Nos reservamos el derecho a actualizar esta pol\u00edtica de privacidad en cualquier momento. Cualquier actualizaci\u00f3n se publicar\u00e1 en esta p\u00e1gina y le animamos a visitarla para mantenerse informado de la pol\u00edtica de privacidad vigente.<\/p><p style=\"margin: 0cm; font-size: 16px; font-family: 'Calibri',sans-serif;\">\u00a0<\/p><p style=\"margin: 0cm; font-size: 16px; font-family: 'Calibri',sans-serif;\"><strong><span style=\"font-size: 19px;\">Aviso sobre cookies<\/span><\/strong><\/p><p style=\"margin: 0cm; font-size: 16px; font-family: 'Calibri',sans-serif;\">\u00a0<\/p><p style=\"margin: 0cm; font-size: 16px; font-family: 'Calibri',sans-serif;\">Este sitio web utiliza cookies para mejorar su experiencia de usuario, ofrecer contenidos relevantes y analizar el tr\u00e1fico. Si contin\u00faa navegando, consideramos que acepta su uso.<\/p><p style=\"margin: 0cm; font-size: 16px; font-family: 'Calibri',sans-serif;\">\u00a0<\/p><p style=\"margin: 0cm; font-size: 16px; font-family: 'Calibri',sans-serif;\">Al rellenar el formulario de contacto de nuestro sitio web, tambi\u00e9n da su consentimiento para que recopilemos y procesemos sus datos personales de acuerdo con nuestra pol\u00edtica de privacidad.<\/p><p style=\"margin: 0cm; font-size: 16px; font-family: 'Calibri',sans-serif;\">\u00a0<\/p><p style=\"margin: 0cm; font-size: 16px; font-family: 'Calibri',sans-serif;\">Tambi\u00e9n utilizamos Google Fonts, Google Analytics y Google Site Kit, as\u00ed como el p\u00edxel de Facebook en nuestro sitio web. Google Fonts y Google Site Kit son servicios prestados por Google Inc. y Meta Inc. que nos permiten integrar fuentes y analizar la actividad del sitio web. Google Analytics recopila informaci\u00f3n sobre su actividad en nuestro sitio web, incluidas las p\u00e1ginas que visita. Google recibir\u00e1 esta informaci\u00f3n. Puede encontrar m\u00e1s informaci\u00f3n sobre Google y sus pol\u00edticas de privacidad en su sitio web. Tambi\u00e9n podemos utilizar otras plataformas de marketing que pueden rastrear su direcci\u00f3n IP y almacenar\/distribuir\/vender los datos que recopilan. P\u00f3ngase en contacto con nosotros para saber qu\u00e9 plataformas utilizamos y hemos utilizado.\u00a0<\/p><p style=\"margin: 0cm; font-size: 16px; font-family: 'Calibri',sans-serif;\">\u00a0<\/p><p style=\"margin: 0cm; font-size: 16px; font-family: 'Calibri',sans-serif;\">Usted tiene la opci\u00f3n de gestionar las cookies a trav\u00e9s de la configuraci\u00f3n de su navegador.<\/p><p style=\"margin: 0cm; font-size: 16px; font-family: 'Calibri',sans-serif;\">Tenga en cuenta que algunas funciones de nuestro sitio web pueden verse limitadas o no funcionar como se espera sin cookies.<\/p><p style=\"margin: 0cm; font-size: 16px; font-family: 'Calibri',sans-serif;\">\u00a0<\/p><p style=\"margin: 0cm; font-size: 16px; font-family: 'Calibri',sans-serif;\">Nuestro uso de cookies cumple con las leyes y reglamentos aplicables, incluido el Reglamento General de Protecci\u00f3n de Datos (RGPD) de la UE.<\/p><p style=\"margin: 0cm; font-size: 16px; font-family: 'Calibri',sans-serif;\">\u00a0<\/p><p style=\"margin: 0cm; font-size: 16px; font-family: 'Calibri',sans-serif;\">Si tiene alguna pregunta o duda sobre el uso que hacemos de las cookies, p\u00f3ngase en contacto con nosotros.<\/p>\t\t\t\t\t\t\t\t<\/div>\n\t\t\t\t<\/div>\n\t\t\t\t\t<\/div>\n\t\t<\/div>\n\t\t\t\t\t<\/div>\n\t\t<\/section>\n\t\t\t\t<\/div>","protected":false},"excerpt":{"rendered":"<p>Personvernerkl\u00e6ring \u00a0 Vi (v\u00e5rt org.nr. og kontaktinfo finnes p\u00e5 kontaktsiden v\u00e5r eller ved s\u00f8k p\u00e5 domenet du n\u00e5 bes\u00f8ker hos Norid.no eller whois.com og videre s\u00f8k p\u00e5 org.nr. i brreg.no) tar ditt personvern alvorlig og har satt i verk n\u00f8dvendige tekniske og organisatoriske sikkerhetstiltak for \u00e5 beskytte dine personlige data. I denne personvernerkl\u00e6ringen vil vi [&hellip;]<\/p>\n","protected":false},"author":0,"featured_media":0,"parent":0,"menu_order":0,"comment_status":"closed","ping_status":"closed","template":"","meta":{"footnotes":""},"class_list":["post-5","page","type-page","status-publish","hentry"],"yoast_head":"<!-- This site is optimized with the Yoast SEO plugin v27.4 - https:\/\/yoast.com\/product\/yoast-seo-wordpress\/ -->\n<title>Personvernerklaering - Maskot Norge<\/title>\n<meta name=\"robots\" content=\"index, follow, max-snippet:-1, max-image-preview:large, max-video-preview:-1\" \/>\n<link rel=\"canonical\" href=\"https:\/\/maskotnorge.no\/es\/personvernerklaering\/\" \/>\n<meta property=\"og:locale\" content=\"es_ES\" \/>\n<meta property=\"og:type\" content=\"article\" \/>\n<meta property=\"og:title\" content=\"Personvernerklaering - Maskot Norge\" \/>\n<meta property=\"og:description\" content=\"Personvernerkl\u00e6ring \u00a0 Vi (v\u00e5rt org.nr. og kontaktinfo finnes p\u00e5 kontaktsiden v\u00e5r eller ved s\u00f8k p\u00e5 domenet du n\u00e5 bes\u00f8ker hos Norid.no eller whois.com og videre s\u00f8k p\u00e5 org.nr. i brreg.no) tar ditt personvern alvorlig og har satt i verk n\u00f8dvendige tekniske og organisatoriske sikkerhetstiltak for \u00e5 beskytte dine personlige data. I denne personvernerkl\u00e6ringen vil vi [&hellip;]\" \/>\n<meta property=\"og:url\" content=\"https:\/\/maskotnorge.no\/es\/personvernerklaering\/\" \/>\n<meta property=\"og:site_name\" content=\"Maskot Norge\" \/>\n<meta property=\"article:modified_time\" content=\"2026-03-13T14:20:32+00:00\" \/>\n<meta name=\"twitter:card\" content=\"summary_large_image\" \/>\n<meta name=\"twitter:label1\" content=\"Tiempo de lectura\" \/>\n\t<meta name=\"twitter:data1\" content=\"5 minutos\" \/>\n<script type=\"application\/ld+json\" class=\"yoast-schema-graph\">{\"@context\":\"https:\\\/\\\/schema.org\",\"@graph\":[{\"@type\":\"WebPage\",\"@id\":\"https:\\\/\\\/maskotnorge.no\\\/personvernerklaering\\\/\",\"url\":\"https:\\\/\\\/maskotnorge.no\\\/personvernerklaering\\\/\",\"name\":\"Personvernerklaering - Maskot Norge\",\"isPartOf\":{\"@id\":\"https:\\\/\\\/maskotnorge.no\\\/#website\"},\"datePublished\":\"2023-06-21T11:28:28+00:00\",\"dateModified\":\"2026-03-13T14:20:32+00:00\",\"breadcrumb\":{\"@id\":\"https:\\\/\\\/maskotnorge.no\\\/personvernerklaering\\\/#breadcrumb\"},\"inLanguage\":\"es\",\"potentialAction\":[{\"@type\":\"ReadAction\",\"target\":[\"https:\\\/\\\/maskotnorge.no\\\/personvernerklaering\\\/\"]}]},{\"@type\":\"BreadcrumbList\",\"@id\":\"https:\\\/\\\/maskotnorge.no\\\/personvernerklaering\\\/#breadcrumb\",\"itemListElement\":[{\"@type\":\"ListItem\",\"position\":1,\"name\":\"Hjem\",\"item\":\"https:\\\/\\\/maskotnorge.no\\\/\"},{\"@type\":\"ListItem\",\"position\":2,\"name\":\"Personvernerklaering\"}]},{\"@type\":\"WebSite\",\"@id\":\"https:\\\/\\\/maskotnorge.no\\\/#website\",\"url\":\"https:\\\/\\\/maskotnorge.no\\\/\",\"name\":\"Maskot Norge\",\"description\":\"Maskot Norge tilbyr skreddersydde maskoter som kan v\u00e6re en verdifull ressurs for din bedrift eller organisasjon. Fremhev merkevaren din med v\u00e5re unike bamser og \u00f8k merkevarebevisstheten med et effektivt logo design. Kontakt oss for \u00e5 se hvordan vi kan hjelpe deg \u00e5 skape en sterkere tilknytning til ditt merke.\",\"publisher\":{\"@id\":\"https:\\\/\\\/maskotnorge.no\\\/#organization\"},\"alternateName\":\"Maskotnorge.no\",\"potentialAction\":[{\"@type\":\"SearchAction\",\"target\":{\"@type\":\"EntryPoint\",\"urlTemplate\":\"https:\\\/\\\/maskotnorge.no\\\/?s={search_term_string}\"},\"query-input\":{\"@type\":\"PropertyValueSpecification\",\"valueRequired\":true,\"valueName\":\"search_term_string\"}}],\"inLanguage\":\"es\"},{\"@type\":\"Organization\",\"@id\":\"https:\\\/\\\/maskotnorge.no\\\/#organization\",\"name\":\"Maskot Norge\",\"url\":\"https:\\\/\\\/maskotnorge.no\\\/\",\"logo\":{\"@type\":\"ImageObject\",\"inLanguage\":\"es\",\"@id\":\"https:\\\/\\\/maskotnorge.no\\\/#\\\/schema\\\/logo\\\/image\\\/\",\"url\":\"https:\\\/\\\/maskotnorge.no\\\/wp-content\\\/uploads\\\/2023\\\/06\\\/MaskotNorge_light-scaled.png\",\"contentUrl\":\"https:\\\/\\\/maskotnorge.no\\\/wp-content\\\/uploads\\\/2023\\\/06\\\/MaskotNorge_light-scaled.png\",\"width\":2560,\"height\":1095,\"caption\":\"Maskot Norge\"},\"image\":{\"@id\":\"https:\\\/\\\/maskotnorge.no\\\/#\\\/schema\\\/logo\\\/image\\\/\"}}]}<\/script>\n<!-- \/ Yoast SEO plugin. -->","yoast_head_json":{"title":"Personvernerklaering - Maskot Norge","robots":{"index":"index","follow":"follow","max-snippet":"max-snippet:-1","max-image-preview":"max-image-preview:large","max-video-preview":"max-video-preview:-1"},"canonical":"https:\/\/maskotnorge.no\/es\/personvernerklaering\/","og_locale":"es_ES","og_type":"article","og_title":"Personvernerklaering - Maskot Norge","og_description":"Personvernerkl\u00e6ring \u00a0 Vi (v\u00e5rt org.nr. og kontaktinfo finnes p\u00e5 kontaktsiden v\u00e5r eller ved s\u00f8k p\u00e5 domenet du n\u00e5 bes\u00f8ker hos Norid.no eller whois.com og videre s\u00f8k p\u00e5 org.nr. i brreg.no) tar ditt personvern alvorlig og har satt i verk n\u00f8dvendige tekniske og organisatoriske sikkerhetstiltak for \u00e5 beskytte dine personlige data. I denne personvernerkl\u00e6ringen vil vi [&hellip;]","og_url":"https:\/\/maskotnorge.no\/es\/personvernerklaering\/","og_site_name":"Maskot Norge","article_modified_time":"2026-03-13T14:20:32+00:00","twitter_card":"summary_large_image","twitter_misc":{"Tiempo de lectura":"5 minutos"},"schema":{"@context":"https:\/\/schema.org","@graph":[{"@type":"WebPage","@id":"https:\/\/maskotnorge.no\/personvernerklaering\/","url":"https:\/\/maskotnorge.no\/personvernerklaering\/","name":"Personvernerklaering - Maskot Norge","isPartOf":{"@id":"https:\/\/maskotnorge.no\/#website"},"datePublished":"2023-06-21T11:28:28+00:00","dateModified":"2026-03-13T14:20:32+00:00","breadcrumb":{"@id":"https:\/\/maskotnorge.no\/personvernerklaering\/#breadcrumb"},"inLanguage":"es","potentialAction":[{"@type":"ReadAction","target":["https:\/\/maskotnorge.no\/personvernerklaering\/"]}]},{"@type":"BreadcrumbList","@id":"https:\/\/maskotnorge.no\/personvernerklaering\/#breadcrumb","itemListElement":[{"@type":"ListItem","position":1,"name":"Hjem","item":"https:\/\/maskotnorge.no\/"},{"@type":"ListItem","position":2,"name":"Personvernerklaering"}]},{"@type":"WebSite","@id":"https:\/\/maskotnorge.no\/#website","url":"https:\/\/maskotnorge.no\/","name":"Mascota Noruega","description":"Maskot Norge tilbyr skreddersydde maskoter som kan v\u00e6re en verdifull ressurs for din bedrift eller organisasjon. Fremhev merkevaren din med v\u00e5re unike bamser og \u00f8k merkevarebevisstheten med et effektivt logo design. Kontakt oss for \u00e5 se hvordan vi kan hjelpe deg \u00e5 skape en sterkere tilknytning til ditt merke.","publisher":{"@id":"https:\/\/maskotnorge.no\/#organization"},"alternateName":"Maskotnorge.no","potentialAction":[{"@type":"SearchAction","target":{"@type":"EntryPoint","urlTemplate":"https:\/\/maskotnorge.no\/?s={search_term_string}"},"query-input":{"@type":"PropertyValueSpecification","valueRequired":true,"valueName":"search_term_string"}}],"inLanguage":"es"},{"@type":"Organization","@id":"https:\/\/maskotnorge.no\/#organization","name":"Mascota Noruega","url":"https:\/\/maskotnorge.no\/","logo":{"@type":"ImageObject","inLanguage":"es","@id":"https:\/\/maskotnorge.no\/#\/schema\/logo\/image\/","url":"https:\/\/maskotnorge.no\/wp-content\/uploads\/2023\/06\/MaskotNorge_light-scaled.png","contentUrl":"https:\/\/maskotnorge.no\/wp-content\/uploads\/2023\/06\/MaskotNorge_light-scaled.png","width":2560,"height":1095,"caption":"Maskot Norge"},"image":{"@id":"https:\/\/maskotnorge.no\/#\/schema\/logo\/image\/"}}]}},"_links":{"self":[{"href":"https:\/\/maskotnorge.no\/es\/wp-json\/wp\/v2\/pages\/5","targetHints":{"allow":["GET"]}}],"collection":[{"href":"https:\/\/maskotnorge.no\/es\/wp-json\/wp\/v2\/pages"}],"about":[{"href":"https:\/\/maskotnorge.no\/es\/wp-json\/wp\/v2\/types\/page"}],"replies":[{"embeddable":true,"href":"https:\/\/maskotnorge.no\/es\/wp-json\/wp\/v2\/comments?post=5"}],"version-history":[{"count":3,"href":"https:\/\/maskotnorge.no\/es\/wp-json\/wp\/v2\/pages\/5\/revisions"}],"predecessor-version":[{"id":1880,"href":"https:\/\/maskotnorge.no\/es\/wp-json\/wp\/v2\/pages\/5\/revisions\/1880"}],"wp:attachment":[{"href":"https:\/\/maskotnorge.no\/es\/wp-json\/wp\/v2\/media?parent=5"}],"curies":[{"name":"wp","href":"https:\/\/api.w.org\/{rel}","templated":true}]}}