{"id":5,"date":"2023-06-21T11:28:28","date_gmt":"2023-06-21T11:28:28","guid":{"rendered":"https:\/\/maskotnorge.no\/?page_id=5"},"modified":"2026-03-13T14:20:32","modified_gmt":"2026-03-13T14:20:32","slug":"personvernerklaering","status":"publish","type":"page","link":"https:\/\/maskotnorge.no\/fr\/personvernerklaering\/","title":{"rendered":"Avis de confidentialit\u00e9"},"content":{"rendered":"<div data-elementor-type=\"wp-page\" data-elementor-id=\"5\" class=\"elementor elementor-5\" data-elementor-post-type=\"page\">\n\t\t\t\t\t\t<section class=\"elementor-section elementor-top-section elementor-element elementor-element-7a58580f elementor-section-boxed elementor-section-height-default elementor-section-height-default\" data-id=\"7a58580f\" data-element_type=\"section\" data-e-type=\"section\">\n\t\t\t\t\t\t<div class=\"elementor-container elementor-column-gap-default\">\n\t\t\t\t\t<div class=\"elementor-column elementor-col-100 elementor-top-column elementor-element elementor-element-117c2535\" data-id=\"117c2535\" data-element_type=\"column\" data-e-type=\"column\">\n\t\t\t<div class=\"elementor-widget-wrap elementor-element-populated\">\n\t\t\t\t\t\t<div class=\"elementor-element elementor-element-8ab7602 elementor-widget elementor-widget-spacer\" data-id=\"8ab7602\" data-element_type=\"widget\" data-e-type=\"widget\" data-widget_type=\"spacer.default\">\n\t\t\t\t<div class=\"elementor-widget-container\">\n\t\t\t\t\t\t\t<div class=\"elementor-spacer\">\n\t\t\t<div class=\"elementor-spacer-inner\"><\/div>\n\t\t<\/div>\n\t\t\t\t\t\t<\/div>\n\t\t\t\t<\/div>\n\t\t\t\t<div class=\"elementor-element elementor-element-5aec6cca elementor-widget elementor-widget-text-editor\" data-id=\"5aec6cca\" data-element_type=\"widget\" data-e-type=\"widget\" data-widget_type=\"text-editor.default\">\n\t\t\t\t<div class=\"elementor-widget-container\">\n\t\t\t\t\t\t\t\t\t<p style=\"margin: 0cm; font-size: 16px; font-family: 'Calibri',sans-serif;\"><strong><span style=\"font-size: 19px;\">Politique de confidentialit\u00e9<\/span><\/strong><\/p><p style=\"margin: 0cm; font-size: 16px; font-family: 'Calibri',sans-serif;\">\u00a0<\/p><p style=\"margin: 0cm; font-size: 16px; font-family: 'Calibri',sans-serif;\">Nous (notre num\u00e9ro d'enregistrement et nos coordonn\u00e9es peuvent \u00eatre trouv\u00e9s sur notre page de contact ou en recherchant le domaine que vous visitez actuellement sur Norid.no ou whois.com, puis en recherchant le num\u00e9ro d'enregistrement de la soci\u00e9t\u00e9 sur brreg.no) prenons votre vie priv\u00e9e au s\u00e9rieux et avons mis en \u0153uvre les mesures de s\u00e9curit\u00e9 techniques et organisationnelles n\u00e9cessaires pour prot\u00e9ger vos donn\u00e9es \u00e0 caract\u00e8re personnel. Dans cette politique de confidentialit\u00e9, nous vous informons de la mani\u00e8re dont nous collectons, utilisons, stockons et prot\u00e9geons vos donn\u00e9es personnelles lorsque vous visitez notre site web.\u00a0<\/p><p style=\"margin: 0cm; font-size: 16px; font-family: 'Calibri',sans-serif;\">\u00a0<\/p><p style=\"margin: 0cm; font-size: 16px; font-family: 'Calibri',sans-serif;\"><strong><span style=\"font-size: 19px;\">Collecte des donn\u00e9es<\/span><\/strong><\/p><p style=\"margin: 0cm; font-size: 16px; font-family: 'Calibri',sans-serif;\">\u00a0<\/p><p style=\"margin: 0cm; font-size: 16px; font-family: 'Calibri',sans-serif;\">Formulaire de contact : Lorsque vous soumettez une demande via notre formulaire de contact, les informations concernant votre nom, votre adresse \u00e9lectronique, vos coordonn\u00e9es et d'autres informations que vous fournissez peuvent \u00eatre stock\u00e9es dans notre base de donn\u00e9es.\u00a0<\/p><p style=\"margin: 0cm; font-size: 16px; font-family: 'Calibri',sans-serif;\">\u00a0<\/p><p style=\"margin: 0cm; font-size: 16px; font-family: 'Calibri',sans-serif;\">Polices de caract\u00e8res Google : Nous utilisons Google Fonts pour am\u00e9liorer l'apparence de notre site web. Cela peut amener Google \u00e0 collecter des informations sur votre utilisation du site.<\/p><p style=\"margin: 0cm; font-size: 16px; font-family: 'Calibri',sans-serif;\">\u00a0<\/p><p style=\"margin: 0cm; font-size: 16px; font-family: 'Calibri',sans-serif;\">Google Analytics : Nous utilisons Google Analytics pour analyser le trafic et l'utilisation de notre site web. Cela peut amener Google \u00e0 collecter des informations sur votre utilisation du site.<\/p><p style=\"margin: 0cm; font-size: 16px; font-family: 'Calibri',sans-serif;\">\u00a0<\/p><p style=\"margin: 0cm; font-size: 16px; font-family: 'Calibri',sans-serif;\">Google Site Kit : Nous utilisons Google Site Kit pour g\u00e9rer et entretenir notre site web. Cela peut amener Google \u00e0 collecter des informations sur votre utilisation du site.<\/p><p style=\"margin: 0cm; font-size: 16px; font-family: 'Calibri',sans-serif;\">\u00a0<\/p><p style=\"margin: 0cm; font-size: 16px; font-family: 'Calibri',sans-serif;\">Pixel Facebook : Nous utilisons le pixel Facebook\/Meta pour comprendre et mesurer l'impact de la publicit\u00e9 sur la plateforme Facebook.<\/p><p style=\"margin: 0cm; font-size: 16px; font-family: 'Calibri',sans-serif;\">\u00a0<\/p><p style=\"margin: 0cm; font-size: 16px; font-family: 'Calibri',sans-serif;\">M\u00e9dias sociaux : Nous pouvons utiliser les m\u00e9dias sociaux et d'autres plateformes de marketing, telles que Facebook, Instagram, Twitter, TikTok, Pinterest, etc. (la liste n'est pas exhaustive), ce qui peut entra\u00eener la collecte de vos informations. Veuillez nous contacter pour conna\u00eetre les plateformes actuelles et pr\u00e9c\u00e9demment utilis\u00e9es.<\/p><p style=\"margin: 0cm; font-size: 16px; font-family: 'Calibri',sans-serif;\">\u00a0<\/p><p style=\"margin: 0cm; font-size: 16px; font-family: 'Calibri',sans-serif;\">Nous pouvons divulguer vos donn\u00e9es personnelles \u00e0 des tiers conform\u00e9ment aux r\u00e8gles de protection des donn\u00e9es applicables de l'autorit\u00e9 norv\u00e9gienne de protection des donn\u00e9es, mais nous ne divulguons normalement pas vos donn\u00e9es personnelles \u00e0 des tiers, sauf si ces derniers sont nos partenaires et que la divulgation est n\u00e9cessaire pour remplir le(s) service(s) que nous vous offrons.\u00a0<\/p><p style=\"margin: 0cm; font-size: 16px; font-family: 'Calibri',sans-serif;\"><strong><span style=\"font-size: 19px;\">\u00a0<\/span><\/strong><\/p><p style=\"margin: 0cm; font-size: 16px; font-family: 'Calibri',sans-serif;\"><strong><span style=\"font-size: 19px;\">Utilisation des donn\u00e9es<\/span><\/strong><\/p><p style=\"margin: 0cm; font-size: 16px; font-family: 'Calibri',sans-serif;\">\u00a0<\/p><p style=\"margin: 0cm; font-size: 16px; font-family: 'Calibri',sans-serif;\">Nous utilisons vos donn\u00e9es personnelles pour r\u00e9pondre aux demandes que vous soumettez via notre formulaire de contact, pour am\u00e9liorer l'exp\u00e9rience de l'utilisateur sur notre site web et pour effectuer des analyses afin d'am\u00e9liorer notre site web.<\/p><p style=\"margin: 0cm; font-size: 16px; font-family: 'Calibri',sans-serif;\">\u00a0<\/p><p style=\"margin: 0cm; font-size: 16px; font-family: 'Calibri',sans-serif; line-height: 107%;\">Conservation des donn\u00e9es : Vos donn\u00e9es peuvent \u00eatre conserv\u00e9es aussi longtemps que n\u00e9cessaire, ou vous pouvez nous contacter pour les supprimer. Les donn\u00e9es sont stock\u00e9es sur les serveurs de nos fournisseurs. Vous pouvez nous contacter pour savoir quel fournisseur nous utilisons et avons utilis\u00e9. Les informations sur votre fournisseur actuel peuvent \u00e9galement \u00eatre recherch\u00e9es via norid.no ou whois.com, o\u00f9 vous pouvez \u00e9galement savoir dans quel pays les donn\u00e9es sont stock\u00e9es.<\/p><p style=\"margin: 0cm; font-size: 16px; font-family: 'Calibri',sans-serif;\"><strong>\u00a0<\/strong><\/p><p style=\"margin: 0cm; font-size: 16px; font-family: 'Calibri',sans-serif;\">S\u00e9curit\u00e9 des donn\u00e9es :<strong>\u00a0<\/strong>Nous avons mis en \u0153uvre les mesures de s\u00e9curit\u00e9 techniques et organisationnelles n\u00e9cessaires pour prot\u00e9ger vos donn\u00e9es \u00e0 caract\u00e8re personnel contre tout acc\u00e8s, modification, divulgation ou destruction non autoris\u00e9s. En plus de nos proc\u00e9dures internes, nos fournisseurs ont \u00e9galement leurs propres mesures de s\u00e9curit\u00e9, que vous pouvez d\u00e9couvrir en nous contactant pour obtenir des informations sur nos fournisseurs.<\/p><p style=\"margin: 0cm; font-size: 16px; font-family: 'Calibri',sans-serif;\">\u00a0<\/p><p style=\"margin: 0cm; font-size: 16px; font-family: 'Calibri',sans-serif;\">Vos droits : Vous avez le droit de demander des informations sur les donn\u00e9es \u00e0 caract\u00e8re personnel vous concernant que nous avons collect\u00e9es et que nous traitons, et de demander que ces donn\u00e9es soient modifi\u00e9es ou supprim\u00e9es, quand vous le souhaitez. Vous pouvez \u00e9galement demander que le traitement de vos donn\u00e9es personnelles soit limit\u00e9 ou vous opposer au traitement de vos donn\u00e9es personnelles.<\/p><p style=\"margin: 0cm; font-size: 16px; font-family: 'Calibri',sans-serif;\">\u00a0<\/p><p style=\"margin: 0cm; font-size: 16px; font-family: 'Calibri',sans-serif;\"><strong><span style=\"font-size: 19px;\">Contactez nous<\/span><\/strong><\/p><p style=\"margin: 0cm; font-size: 16px; font-family: 'Calibri',sans-serif;\">\u00a0<\/p><p style=\"margin: 0cm; font-size: 16px; font-family: 'Calibri',sans-serif; line-height: 107%;\">Si vous avez des questions ou des commentaires sur notre politique de protection de la vie priv\u00e9e, veuillez nous contacter en utilisant les coordonn\u00e9es figurant sur le site web que vous \u00eates en train de visiter.<\/p><p style=\"margin: 0cm; font-size: 16px; font-family: 'Calibri',sans-serif;\">\u00a0<\/p><p style=\"margin: 0cm; font-size: 16px; font-family: 'Calibri',sans-serif;\"><strong>Mises \u00e0 jour<\/strong><\/p><p style=\"margin: 0cm; font-size: 16px; font-family: 'Calibri',sans-serif;\">\u00a0<\/p><p style=\"margin: 0cm; font-size: 16px; font-family: 'Calibri',sans-serif;\">Nous nous r\u00e9servons le droit de mettre \u00e0 jour cette politique de confidentialit\u00e9 \u00e0 tout moment. Toute mise \u00e0 jour sera publi\u00e9e sur cette page et nous vous encourageons \u00e0 la consulter pour rester inform\u00e9 de la politique de confidentialit\u00e9 en vigueur.<\/p><p style=\"margin: 0cm; font-size: 16px; font-family: 'Calibri',sans-serif;\">\u00a0<\/p><p style=\"margin: 0cm; font-size: 16px; font-family: 'Calibri',sans-serif;\"><strong><span style=\"font-size: 19px;\">Avis sur les cookies<\/span><\/strong><\/p><p style=\"margin: 0cm; font-size: 16px; font-family: 'Calibri',sans-serif;\">\u00a0<\/p><p style=\"margin: 0cm; font-size: 16px; font-family: 'Calibri',sans-serif;\">Ce site web utilise des cookies pour am\u00e9liorer votre exp\u00e9rience d'utilisateur, fournir un contenu pertinent et analyser le trafic. En continuant \u00e0 utiliser ce site, vous acceptez notre utilisation des cookies.<\/p><p style=\"margin: 0cm; font-size: 16px; font-family: 'Calibri',sans-serif;\">\u00a0<\/p><p style=\"margin: 0cm; font-size: 16px; font-family: 'Calibri',sans-serif;\">En remplissant le formulaire de contact sur notre site web, vous consentez \u00e9galement \u00e0 ce que nous collections et traitions vos donn\u00e9es personnelles conform\u00e9ment \u00e0 notre politique de confidentialit\u00e9.<\/p><p style=\"margin: 0cm; font-size: 16px; font-family: 'Calibri',sans-serif;\">\u00a0<\/p><p style=\"margin: 0cm; font-size: 16px; font-family: 'Calibri',sans-serif;\">Nous utilisons \u00e9galement Google Fonts, Google Analytics et Google Site Kit ainsi que le pixel Facebook sur notre site web. Google Fonts et Google Site Kit sont des services fournis par Google Inc. et Meta Inc. qui nous permettent d'int\u00e9grer des polices de caract\u00e8res et d'analyser l'activit\u00e9 du site web. Google Analytics collecte des informations sur votre activit\u00e9 sur notre site web, y compris les pages que vous visitez. Google recevra ces informations. Vous trouverez plus d'informations sur Google et ses r\u00e8gles de confidentialit\u00e9 sur son site web. Nous pouvons \u00e9galement utiliser d'autres plateformes de marketing qui peuvent suivre votre adresse IP et stocker\/distribuer\/vendre les donn\u00e9es qu'elles collectent. En nous contactant, vous pouvez savoir quelles plateformes nous utilisons et avons utilis\u00e9es.\u00a0<\/p><p style=\"margin: 0cm; font-size: 16px; font-family: 'Calibri',sans-serif;\">\u00a0<\/p><p style=\"margin: 0cm; font-size: 16px; font-family: 'Calibri',sans-serif;\">Vous avez la possibilit\u00e9 de g\u00e9rer les cookies par le biais des param\u00e8tres de votre navigateur.<\/p><p style=\"margin: 0cm; font-size: 16px; font-family: 'Calibri',sans-serif;\">Veuillez noter que certaines fonctionnalit\u00e9s de notre site web peuvent \u00eatre limit\u00e9es ou ne pas fonctionner comme pr\u00e9vu sans cookies.<\/p><p style=\"margin: 0cm; font-size: 16px; font-family: 'Calibri',sans-serif;\">\u00a0<\/p><p style=\"margin: 0cm; font-size: 16px; font-family: 'Calibri',sans-serif;\">Notre utilisation des cookies est conforme aux lois et r\u00e9glementations applicables, y compris le R\u00e8glement g\u00e9n\u00e9ral sur la protection des donn\u00e9es (RGPD) de l'UE.<\/p><p style=\"margin: 0cm; font-size: 16px; font-family: 'Calibri',sans-serif;\">\u00a0<\/p><p style=\"margin: 0cm; font-size: 16px; font-family: 'Calibri',sans-serif;\">Si vous avez des questions ou des pr\u00e9occupations concernant notre utilisation des cookies, veuillez nous contacter.<\/p>\t\t\t\t\t\t\t\t<\/div>\n\t\t\t\t<\/div>\n\t\t\t\t\t<\/div>\n\t\t<\/div>\n\t\t\t\t\t<\/div>\n\t\t<\/section>\n\t\t\t\t<\/div>","protected":false},"excerpt":{"rendered":"<p>Personvernerkl\u00e6ring \u00a0 Vi (v\u00e5rt org.nr. og kontaktinfo finnes p\u00e5 kontaktsiden v\u00e5r eller ved s\u00f8k p\u00e5 domenet du n\u00e5 bes\u00f8ker hos Norid.no eller whois.com og videre s\u00f8k p\u00e5 org.nr. i brreg.no) tar ditt personvern alvorlig og har satt i verk n\u00f8dvendige tekniske og organisatoriske sikkerhetstiltak for \u00e5 beskytte dine personlige data. I denne personvernerkl\u00e6ringen vil vi [&hellip;]<\/p>\n","protected":false},"author":0,"featured_media":0,"parent":0,"menu_order":0,"comment_status":"closed","ping_status":"closed","template":"","meta":{"footnotes":""},"class_list":["post-5","page","type-page","status-publish","hentry"],"yoast_head":"<!-- This site is optimized with the Yoast SEO plugin v27.4 - https:\/\/yoast.com\/product\/yoast-seo-wordpress\/ -->\n<title>Personvernerklaering - Maskot Norge<\/title>\n<meta name=\"robots\" content=\"index, follow, max-snippet:-1, max-image-preview:large, max-video-preview:-1\" \/>\n<link rel=\"canonical\" href=\"https:\/\/maskotnorge.no\/fr\/personvernerklaering\/\" \/>\n<meta property=\"og:locale\" content=\"fr_FR\" \/>\n<meta property=\"og:type\" content=\"article\" \/>\n<meta property=\"og:title\" content=\"Personvernerklaering - Maskot Norge\" \/>\n<meta property=\"og:description\" content=\"Personvernerkl\u00e6ring \u00a0 Vi (v\u00e5rt org.nr. og kontaktinfo finnes p\u00e5 kontaktsiden v\u00e5r eller ved s\u00f8k p\u00e5 domenet du n\u00e5 bes\u00f8ker hos Norid.no eller whois.com og videre s\u00f8k p\u00e5 org.nr. i brreg.no) tar ditt personvern alvorlig og har satt i verk n\u00f8dvendige tekniske og organisatoriske sikkerhetstiltak for \u00e5 beskytte dine personlige data. I denne personvernerkl\u00e6ringen vil vi [&hellip;]\" \/>\n<meta property=\"og:url\" content=\"https:\/\/maskotnorge.no\/fr\/personvernerklaering\/\" \/>\n<meta property=\"og:site_name\" content=\"Maskot Norge\" \/>\n<meta property=\"article:modified_time\" content=\"2026-03-13T14:20:32+00:00\" \/>\n<meta name=\"twitter:card\" content=\"summary_large_image\" \/>\n<meta name=\"twitter:label1\" content=\"Dur\u00e9e de lecture estim\u00e9e\" \/>\n\t<meta name=\"twitter:data1\" content=\"5 minutes\" \/>\n<script type=\"application\/ld+json\" class=\"yoast-schema-graph\">{\"@context\":\"https:\\\/\\\/schema.org\",\"@graph\":[{\"@type\":\"WebPage\",\"@id\":\"https:\\\/\\\/maskotnorge.no\\\/personvernerklaering\\\/\",\"url\":\"https:\\\/\\\/maskotnorge.no\\\/personvernerklaering\\\/\",\"name\":\"Personvernerklaering - Maskot Norge\",\"isPartOf\":{\"@id\":\"https:\\\/\\\/maskotnorge.no\\\/#website\"},\"datePublished\":\"2023-06-21T11:28:28+00:00\",\"dateModified\":\"2026-03-13T14:20:32+00:00\",\"breadcrumb\":{\"@id\":\"https:\\\/\\\/maskotnorge.no\\\/personvernerklaering\\\/#breadcrumb\"},\"inLanguage\":\"fr-FR\",\"potentialAction\":[{\"@type\":\"ReadAction\",\"target\":[\"https:\\\/\\\/maskotnorge.no\\\/personvernerklaering\\\/\"]}]},{\"@type\":\"BreadcrumbList\",\"@id\":\"https:\\\/\\\/maskotnorge.no\\\/personvernerklaering\\\/#breadcrumb\",\"itemListElement\":[{\"@type\":\"ListItem\",\"position\":1,\"name\":\"Hjem\",\"item\":\"https:\\\/\\\/maskotnorge.no\\\/\"},{\"@type\":\"ListItem\",\"position\":2,\"name\":\"Personvernerklaering\"}]},{\"@type\":\"WebSite\",\"@id\":\"https:\\\/\\\/maskotnorge.no\\\/#website\",\"url\":\"https:\\\/\\\/maskotnorge.no\\\/\",\"name\":\"Maskot Norge\",\"description\":\"Maskot Norge tilbyr skreddersydde maskoter som kan v\u00e6re en verdifull ressurs for din bedrift eller organisasjon. Fremhev merkevaren din med v\u00e5re unike bamser og \u00f8k merkevarebevisstheten med et effektivt logo design. Kontakt oss for \u00e5 se hvordan vi kan hjelpe deg \u00e5 skape en sterkere tilknytning til ditt merke.\",\"publisher\":{\"@id\":\"https:\\\/\\\/maskotnorge.no\\\/#organization\"},\"alternateName\":\"Maskotnorge.no\",\"potentialAction\":[{\"@type\":\"SearchAction\",\"target\":{\"@type\":\"EntryPoint\",\"urlTemplate\":\"https:\\\/\\\/maskotnorge.no\\\/?s={search_term_string}\"},\"query-input\":{\"@type\":\"PropertyValueSpecification\",\"valueRequired\":true,\"valueName\":\"search_term_string\"}}],\"inLanguage\":\"fr-FR\"},{\"@type\":\"Organization\",\"@id\":\"https:\\\/\\\/maskotnorge.no\\\/#organization\",\"name\":\"Maskot Norge\",\"url\":\"https:\\\/\\\/maskotnorge.no\\\/\",\"logo\":{\"@type\":\"ImageObject\",\"inLanguage\":\"fr-FR\",\"@id\":\"https:\\\/\\\/maskotnorge.no\\\/#\\\/schema\\\/logo\\\/image\\\/\",\"url\":\"https:\\\/\\\/maskotnorge.no\\\/wp-content\\\/uploads\\\/2023\\\/06\\\/MaskotNorge_light-scaled.png\",\"contentUrl\":\"https:\\\/\\\/maskotnorge.no\\\/wp-content\\\/uploads\\\/2023\\\/06\\\/MaskotNorge_light-scaled.png\",\"width\":2560,\"height\":1095,\"caption\":\"Maskot Norge\"},\"image\":{\"@id\":\"https:\\\/\\\/maskotnorge.no\\\/#\\\/schema\\\/logo\\\/image\\\/\"}}]}<\/script>\n<!-- \/ Yoast SEO plugin. -->","yoast_head_json":{"title":"Personvernerklaering - Maskot Norge","robots":{"index":"index","follow":"follow","max-snippet":"max-snippet:-1","max-image-preview":"max-image-preview:large","max-video-preview":"max-video-preview:-1"},"canonical":"https:\/\/maskotnorge.no\/fr\/personvernerklaering\/","og_locale":"fr_FR","og_type":"article","og_title":"Personvernerklaering - Maskot Norge","og_description":"Personvernerkl\u00e6ring \u00a0 Vi (v\u00e5rt org.nr. og kontaktinfo finnes p\u00e5 kontaktsiden v\u00e5r eller ved s\u00f8k p\u00e5 domenet du n\u00e5 bes\u00f8ker hos Norid.no eller whois.com og videre s\u00f8k p\u00e5 org.nr. i brreg.no) tar ditt personvern alvorlig og har satt i verk n\u00f8dvendige tekniske og organisatoriske sikkerhetstiltak for \u00e5 beskytte dine personlige data. I denne personvernerkl\u00e6ringen vil vi [&hellip;]","og_url":"https:\/\/maskotnorge.no\/fr\/personvernerklaering\/","og_site_name":"Maskot Norge","article_modified_time":"2026-03-13T14:20:32+00:00","twitter_card":"summary_large_image","twitter_misc":{"Dur\u00e9e de lecture estim\u00e9e":"5 minutes"},"schema":{"@context":"https:\/\/schema.org","@graph":[{"@type":"WebPage","@id":"https:\/\/maskotnorge.no\/personvernerklaering\/","url":"https:\/\/maskotnorge.no\/personvernerklaering\/","name":"Personvernerklaering - Maskot Norge","isPartOf":{"@id":"https:\/\/maskotnorge.no\/#website"},"datePublished":"2023-06-21T11:28:28+00:00","dateModified":"2026-03-13T14:20:32+00:00","breadcrumb":{"@id":"https:\/\/maskotnorge.no\/personvernerklaering\/#breadcrumb"},"inLanguage":"fr-FR","potentialAction":[{"@type":"ReadAction","target":["https:\/\/maskotnorge.no\/personvernerklaering\/"]}]},{"@type":"BreadcrumbList","@id":"https:\/\/maskotnorge.no\/personvernerklaering\/#breadcrumb","itemListElement":[{"@type":"ListItem","position":1,"name":"Hjem","item":"https:\/\/maskotnorge.no\/"},{"@type":"ListItem","position":2,"name":"Personvernerklaering"}]},{"@type":"WebSite","@id":"https:\/\/maskotnorge.no\/#website","url":"https:\/\/maskotnorge.no\/","name":"Mascotte Norv\u00e8ge","description":"Maskot Norge tilbyr skreddersydde maskoter som kan v\u00e6re en verdifull ressurs for din bedrift eller organisasjon. Fremhev merkevaren din med v\u00e5re unike bamser og \u00f8k merkevarebevisstheten med et effektivt logo design. Kontakt oss for \u00e5 se hvordan vi kan hjelpe deg \u00e5 skape en sterkere tilknytning til ditt merke.","publisher":{"@id":"https:\/\/maskotnorge.no\/#organization"},"alternateName":"Maskotnorge.no","potentialAction":[{"@type":"SearchAction","target":{"@type":"EntryPoint","urlTemplate":"https:\/\/maskotnorge.no\/?s={search_term_string}"},"query-input":{"@type":"PropertyValueSpecification","valueRequired":true,"valueName":"search_term_string"}}],"inLanguage":"fr-FR"},{"@type":"Organization","@id":"https:\/\/maskotnorge.no\/#organization","name":"Mascotte Norv\u00e8ge","url":"https:\/\/maskotnorge.no\/","logo":{"@type":"ImageObject","inLanguage":"fr-FR","@id":"https:\/\/maskotnorge.no\/#\/schema\/logo\/image\/","url":"https:\/\/maskotnorge.no\/wp-content\/uploads\/2023\/06\/MaskotNorge_light-scaled.png","contentUrl":"https:\/\/maskotnorge.no\/wp-content\/uploads\/2023\/06\/MaskotNorge_light-scaled.png","width":2560,"height":1095,"caption":"Maskot Norge"},"image":{"@id":"https:\/\/maskotnorge.no\/#\/schema\/logo\/image\/"}}]}},"_links":{"self":[{"href":"https:\/\/maskotnorge.no\/fr\/wp-json\/wp\/v2\/pages\/5","targetHints":{"allow":["GET"]}}],"collection":[{"href":"https:\/\/maskotnorge.no\/fr\/wp-json\/wp\/v2\/pages"}],"about":[{"href":"https:\/\/maskotnorge.no\/fr\/wp-json\/wp\/v2\/types\/page"}],"replies":[{"embeddable":true,"href":"https:\/\/maskotnorge.no\/fr\/wp-json\/wp\/v2\/comments?post=5"}],"version-history":[{"count":3,"href":"https:\/\/maskotnorge.no\/fr\/wp-json\/wp\/v2\/pages\/5\/revisions"}],"predecessor-version":[{"id":1880,"href":"https:\/\/maskotnorge.no\/fr\/wp-json\/wp\/v2\/pages\/5\/revisions\/1880"}],"wp:attachment":[{"href":"https:\/\/maskotnorge.no\/fr\/wp-json\/wp\/v2\/media?parent=5"}],"curies":[{"name":"wp","href":"https:\/\/api.w.org\/{rel}","templated":true}]}}