{"id":5,"date":"2023-06-21T11:28:28","date_gmt":"2023-06-21T11:28:28","guid":{"rendered":"https:\/\/maskotnorge.no\/?page_id=5"},"modified":"2026-03-13T14:20:32","modified_gmt":"2026-03-13T14:20:32","slug":"personvernerklaering","status":"publish","type":"page","link":"https:\/\/maskotnorge.no\/it\/personvernerklaering\/","title":{"rendered":"Dichiarazione sulla privacy"},"content":{"rendered":"<div data-elementor-type=\"wp-page\" data-elementor-id=\"5\" class=\"elementor elementor-5\" data-elementor-post-type=\"page\">\n\t\t\t\t\t\t<section class=\"elementor-section elementor-top-section elementor-element elementor-element-7a58580f elementor-section-boxed elementor-section-height-default elementor-section-height-default\" data-id=\"7a58580f\" data-element_type=\"section\" data-e-type=\"section\">\n\t\t\t\t\t\t<div class=\"elementor-container elementor-column-gap-default\">\n\t\t\t\t\t<div class=\"elementor-column elementor-col-100 elementor-top-column elementor-element elementor-element-117c2535\" data-id=\"117c2535\" data-element_type=\"column\" data-e-type=\"column\">\n\t\t\t<div class=\"elementor-widget-wrap elementor-element-populated\">\n\t\t\t\t\t\t<div class=\"elementor-element elementor-element-8ab7602 elementor-widget elementor-widget-spacer\" data-id=\"8ab7602\" data-element_type=\"widget\" data-e-type=\"widget\" data-widget_type=\"spacer.default\">\n\t\t\t\t<div class=\"elementor-widget-container\">\n\t\t\t\t\t\t\t<div class=\"elementor-spacer\">\n\t\t\t<div class=\"elementor-spacer-inner\"><\/div>\n\t\t<\/div>\n\t\t\t\t\t\t<\/div>\n\t\t\t\t<\/div>\n\t\t\t\t<div class=\"elementor-element elementor-element-5aec6cca elementor-widget elementor-widget-text-editor\" data-id=\"5aec6cca\" data-element_type=\"widget\" data-e-type=\"widget\" data-widget_type=\"text-editor.default\">\n\t\t\t\t<div class=\"elementor-widget-container\">\n\t\t\t\t\t\t\t\t\t<p style=\"margin: 0cm; font-size: 16px; font-family: 'Calibri',sans-serif;\"><strong><span style=\"font-size: 19px;\">Informativa sulla privacy<\/span><\/strong><\/p><p style=\"margin: 0cm; font-size: 16px; font-family: 'Calibri',sans-serif;\">\u00a0<\/p><p style=\"margin: 0cm; font-size: 16px; font-family: 'Calibri',sans-serif;\">(Il nostro numero di organizzazione e le informazioni di contatto si trovano sulla nostra pagina dei contatti o cercando il dominio che stai visitando su Norid.no o whois.com e cercando ulteriormente il numero di organizzazione su brreg.no) prendiamo sul serio la tua privacy e abbiamo implementato le necessarie misure di sicurezza tecniche e organizzative per proteggere i tuoi dati personali. In questa informativa sulla privacy, ti informeremo su come raccogliamo, utilizziamo, conserviamo e proteggiamo i tuoi dati personali quando visiti il nostro sito web.\u00a0<\/p><p style=\"margin: 0cm; font-size: 16px; font-family: 'Calibri',sans-serif;\">\u00a0<\/p><p style=\"margin: 0cm; font-size: 16px; font-family: 'Calibri',sans-serif;\"><strong><span style=\"font-size: 19px;\">Raccolta dati<\/span><\/strong><\/p><p style=\"margin: 0cm; font-size: 16px; font-family: 'Calibri',sans-serif;\">\u00a0<\/p><p style=\"margin: 0cm; font-size: 16px; font-family: 'Calibri',sans-serif;\">Modulo di contatto: Quando invii una richiesta tramite il nostro modulo di contatto, informazioni sul tuo nome, indirizzo e-mail, informazioni di contatto e altri dati da te forniti possono essere salvati nel nostro database.\u00a0<\/p><p style=\"margin: 0cm; font-size: 16px; font-family: 'Calibri',sans-serif;\">\u00a0<\/p><p style=\"margin: 0cm; font-size: 16px; font-family: 'Calibri',sans-serif;\">Google Fonts: Utilizziamo Google Fonts per migliorare l'aspetto del nostro sito web. Questo potrebbe comportare la raccolta di informazioni da parte di Google sul tuo utilizzo del sito web.<\/p><p style=\"margin: 0cm; font-size: 16px; font-family: 'Calibri',sans-serif;\">\u00a0<\/p><p style=\"margin: 0cm; font-size: 16px; font-family: 'Calibri',sans-serif;\">Google Analytics: Utilizziamo Google Analytics per analizzare il traffico e l'utilizzo del nostro sito web. Questo pu\u00f2 comportare la raccolta di informazioni da parte di Google sul tuo utilizzo del sito web.<\/p><p style=\"margin: 0cm; font-size: 16px; font-family: 'Calibri',sans-serif;\">\u00a0<\/p><p style=\"margin: 0cm; font-size: 16px; font-family: 'Calibri',sans-serif;\">Google Site Kit: Utilizziamo Google Site Kit per gestire e mantenere il nostro sito web. Ci\u00f2 pu\u00f2 comportare la raccolta di informazioni da parte di Google sull'utilizzo del sito web da parte dell'utente.<\/p><p style=\"margin: 0cm; font-size: 16px; font-family: 'Calibri',sans-serif;\">\u00a0<\/p><p style=\"margin: 0cm; font-size: 16px; font-family: 'Calibri',sans-serif;\">Pixel di Facebook: Utilizziamo il Pixel di Facebook\/Meta per comprendere e misurare l'efficacia della pubblicit\u00e0 sulla piattaforma Facebook.<\/p><p style=\"margin: 0cm; font-size: 16px; font-family: 'Calibri',sans-serif;\">\u00a0<\/p><p style=\"margin: 0cm; font-size: 16px; font-family: 'Calibri',sans-serif;\">Social media: Possiamo utilizzare social media e altre piattaforme per il marketing, come Facebook, Instagram, Twitter, TikTok, Pinterest ecc. (l'elenco non \u00e8 esaustivo), che possono comportare la raccolta delle tue informazioni. Contattaci per conoscere le piattaforme attualmente utilizzate e quelle utilizzate in precedenza.<\/p><p style=\"margin: 0cm; font-size: 16px; font-family: 'Calibri',sans-serif;\">\u00a0<\/p><p style=\"margin: 0cm; font-size: 16px; font-family: 'Calibri',sans-serif;\">Possiamo comunicare i tuoi dati personali a terzi in conformit\u00e0 con le norme vigenti sulla protezione dei dati del Garante per la protezione dei dati personali, ma normalmente non comunichiamo i tuoi dati personali a terzi, a meno che non siano partner commerciali con noi e la comunicazione sia necessaria per l'esecuzione dei servizi che ti offriamo.\u00a0<\/p><p style=\"margin: 0cm; font-size: 16px; font-family: 'Calibri',sans-serif;\"><strong><span style=\"font-size: 19px;\">\u00a0<\/span><\/strong><\/p><p style=\"margin: 0cm; font-size: 16px; font-family: 'Calibri',sans-serif;\"><strong><span style=\"font-size: 19px;\">Uso dei dati<\/span><\/strong><\/p><p style=\"margin: 0cm; font-size: 16px; font-family: 'Calibri',sans-serif;\">\u00a0<\/p><p style=\"margin: 0cm; font-size: 16px; font-family: 'Calibri',sans-serif;\">Utilizziamo i tuoi dati personali per rispondere alle richieste che invii tramite il nostro modulo di contatto, per migliorare l'esperienza utente sul nostro sito web e per condurre analisi per migliorare il nostro sito web.<\/p><p style=\"margin: 0cm; font-size: 16px; font-family: 'Calibri',sans-serif;\">\u00a0<\/p><p style=\"margin: 0cm; font-size: 16px; font-family: 'Calibri',sans-serif; line-height: 107%;\">Conservazione dei dati: I tuoi dati possono essere conservati per tutto il tempo necessario, o finch\u00e9 non ci contatti per la cancellazione. Le informazioni sono archiviate sui server dei nostri fornitori. Puoi contattarci per ottenere informazioni su quale fornitore utilizziamo e abbiamo utilizzato in passato. Le informazioni sul fornitore attuale possono anche essere ricercate tramite norid.no o whois.com, dove potrai anche sapere in quale paese sono archiviate le informazioni.<\/p><p style=\"margin: 0cm; font-size: 16px; font-family: 'Calibri',sans-serif;\"><strong>\u00a0<\/strong><\/p><p style=\"margin: 0cm; font-size: 16px; font-family: 'Calibri',sans-serif;\">Sicurezza dei dati<strong>\u00a0<\/strong>Abbiamo implementato misure di sicurezza tecniche e organizzative necessarie per proteggere i tuoi dati personali da accesso non autorizzato, alterazione, divulgazione o distruzione. Oltre alle nostre procedure interne, anche i nostri fornitori hanno le loro misure di sicurezza, di cui puoi venire a conoscenza contattandoci per ottenere informazioni sui nostri fornitori.<\/p><p style=\"margin: 0cm; font-size: 16px; font-family: 'Calibri',sans-serif;\">\u00a0<\/p><p style=\"margin: 0cm; font-size: 16px; font-family: 'Calibri',sans-serif;\">I tuoi diritti: Hai il diritto di richiedere informazioni sui tuoi dati personali che raccogliamo e trattiamo, e di chiedere che i tuoi dati personali vengano modificati o cancellati, quando lo desideri. Puoi anche richiedere che il trattamento dei tuoi dati personali venga limitato o opporti al trattamento dei tuoi dati personali.<\/p><p style=\"margin: 0cm; font-size: 16px; font-family: 'Calibri',sans-serif;\">\u00a0<\/p><p style=\"margin: 0cm; font-size: 16px; font-family: 'Calibri',sans-serif;\"><strong><span style=\"font-size: 19px;\">Contattaci<\/span><\/strong><\/p><p style=\"margin: 0cm; font-size: 16px; font-family: 'Calibri',sans-serif;\">\u00a0<\/p><p style=\"margin: 0cm; font-size: 16px; font-family: 'Calibri',sans-serif; line-height: 107%;\">Se hai domande o commenti sulla nostra Informativa sulla privacy, ti preghiamo di contattarci tramite le informazioni di contatto sul sito web che stai visitando.<\/p><p style=\"margin: 0cm; font-size: 16px; font-family: 'Calibri',sans-serif;\">\u00a0<\/p><p style=\"margin: 0cm; font-size: 16px; font-family: 'Calibri',sans-serif;\"><strong>Aggiornamenti<\/strong><\/p><p style=\"margin: 0cm; font-size: 16px; font-family: 'Calibri',sans-serif;\">\u00a0<\/p><p style=\"margin: 0cm; font-size: 16px; font-family: 'Calibri',sans-serif;\">Ci riserviamo il diritto di aggiornare la presente dichiarazione sulla privacy in qualsiasi momento. Tutti gli aggiornamenti saranno pubblicati su questa pagina e ti incoraggiamo a visitare questa pagina per rimanere aggiornato sulla dichiarazione sulla privacy corrente.<\/p><p style=\"margin: 0cm; font-size: 16px; font-family: 'Calibri',sans-serif;\">\u00a0<\/p><p style=\"margin: 0cm; font-size: 16px; font-family: 'Calibri',sans-serif;\"><strong><span style=\"font-size: 19px;\">Avviso sui cookie<\/span><\/strong><\/p><p style=\"margin: 0cm; font-size: 16px; font-family: 'Calibri',sans-serif;\">\u00a0<\/p><p style=\"margin: 0cm; font-size: 16px; font-family: 'Calibri',sans-serif;\">Questo sito web utilizza i cookie per migliorare la tua esperienza utente, fornire contenuti pertinenti e analizzare il traffico. Continuando a utilizzare questo sito, accetti il nostro utilizzo dei cookie.<\/p><p style=\"margin: 0cm; font-size: 16px; font-family: 'Calibri',sans-serif;\">\u00a0<\/p><p style=\"margin: 0cm; font-size: 16px; font-family: 'Calibri',sans-serif;\">Compilando il modulo di contatto sul nostro sito web, acconsenti anche alla raccolta e al trattamento dei tuoi dati personali in conformit\u00e0 con la nostra politica sulla privacy.<\/p><p style=\"margin: 0cm; font-size: 16px; font-family: 'Calibri',sans-serif;\">\u00a0<\/p><p style=\"margin: 0cm; font-size: 16px; font-family: 'Calibri',sans-serif;\">Utilizziamo anche Google Fonts, Google Analytics e Google Site Kit, oltre al pixel di Facebook, sul nostro sito web. Google Fonts e Google Site Kit sono servizi forniti da Google Inc. e Meta Inc. che ci consentono di integrare font e analizzare l'attivit\u00e0 del sito web. Google Analytics raccoglie informazioni sulla tua attivit\u00e0 sul nostro sito web, comprese le pagine che visiti. Google ricever\u00e0 queste informazioni. Maggiori informazioni su Google e le loro politiche sulla privacy sono disponibili sui loro siti web. Possiamo anche utilizzare altre piattaforme di marketing che possono tracciare il tuo indirizzo IP e memorizzare\/inoltrare\/vendere i dati che raccolgono. Contattandoci puoi scoprire quali piattaforme utilizziamo e abbiamo utilizzato.\u00a0<\/p><p style=\"margin: 0cm; font-size: 16px; font-family: 'Calibri',sans-serif;\">\u00a0<\/p><p style=\"margin: 0cm; font-size: 16px; font-family: 'Calibri',sans-serif;\">Hai la possibilit\u00e0 di gestire i cookie tramite le impostazioni del tuo browser.<\/p><p style=\"margin: 0cm; font-size: 16px; font-family: 'Calibri',sans-serif;\">Si prega di notare che alcune funzionalit\u00e0 del nostro sito web potrebbero essere limitate o non funzionare come previsto senza i cookie.<\/p><p style=\"margin: 0cm; font-size: 16px; font-family: 'Calibri',sans-serif;\">\u00a0<\/p><p style=\"margin: 0cm; font-size: 16px; font-family: 'Calibri',sans-serif;\">Il nostro utilizzo dei cookie \u00e8 conforme alle leggi e ai regolamenti vigenti, incluse le norme dell'UE sulla privacy dei dati (GDPR).<\/p><p style=\"margin: 0cm; font-size: 16px; font-family: 'Calibri',sans-serif;\">\u00a0<\/p><p style=\"margin: 0cm; font-size: 16px; font-family: 'Calibri',sans-serif;\">Se hai domande o dubbi riguardo al nostro uso dei cookie, ti preghiamo di contattarci.<\/p>\t\t\t\t\t\t\t\t<\/div>\n\t\t\t\t<\/div>\n\t\t\t\t\t<\/div>\n\t\t<\/div>\n\t\t\t\t\t<\/div>\n\t\t<\/section>\n\t\t\t\t<\/div>","protected":false},"excerpt":{"rendered":"<p>Personvernerkl\u00e6ring \u00a0 Vi (v\u00e5rt org.nr. og kontaktinfo finnes p\u00e5 kontaktsiden v\u00e5r eller ved s\u00f8k p\u00e5 domenet du n\u00e5 bes\u00f8ker hos Norid.no eller whois.com og videre s\u00f8k p\u00e5 org.nr. i brreg.no) tar ditt personvern alvorlig og har satt i verk n\u00f8dvendige tekniske og organisatoriske sikkerhetstiltak for \u00e5 beskytte dine personlige data. I denne personvernerkl\u00e6ringen vil vi [&hellip;]<\/p>\n","protected":false},"author":0,"featured_media":0,"parent":0,"menu_order":0,"comment_status":"closed","ping_status":"closed","template":"","meta":{"footnotes":""},"class_list":["post-5","page","type-page","status-publish","hentry"],"yoast_head":"<!-- This site is optimized with the Yoast SEO plugin v27.4 - https:\/\/yoast.com\/product\/yoast-seo-wordpress\/ -->\n<title>Personvernerklaering - Maskot Norge<\/title>\n<meta name=\"robots\" content=\"index, follow, max-snippet:-1, max-image-preview:large, max-video-preview:-1\" \/>\n<link rel=\"canonical\" href=\"https:\/\/maskotnorge.no\/it\/personvernerklaering\/\" \/>\n<meta property=\"og:locale\" content=\"it_IT\" \/>\n<meta property=\"og:type\" content=\"article\" \/>\n<meta property=\"og:title\" content=\"Personvernerklaering - Maskot Norge\" \/>\n<meta property=\"og:description\" content=\"Personvernerkl\u00e6ring \u00a0 Vi (v\u00e5rt org.nr. og kontaktinfo finnes p\u00e5 kontaktsiden v\u00e5r eller ved s\u00f8k p\u00e5 domenet du n\u00e5 bes\u00f8ker hos Norid.no eller whois.com og videre s\u00f8k p\u00e5 org.nr. i brreg.no) tar ditt personvern alvorlig og har satt i verk n\u00f8dvendige tekniske og organisatoriske sikkerhetstiltak for \u00e5 beskytte dine personlige data. I denne personvernerkl\u00e6ringen vil vi [&hellip;]\" \/>\n<meta property=\"og:url\" content=\"https:\/\/maskotnorge.no\/it\/personvernerklaering\/\" \/>\n<meta property=\"og:site_name\" content=\"Maskot Norge\" \/>\n<meta property=\"article:modified_time\" content=\"2026-03-13T14:20:32+00:00\" \/>\n<meta name=\"twitter:card\" content=\"summary_large_image\" \/>\n<meta name=\"twitter:label1\" content=\"Tempo di lettura stimato\" \/>\n\t<meta name=\"twitter:data1\" content=\"5 minuti\" \/>\n<script type=\"application\/ld+json\" class=\"yoast-schema-graph\">{\"@context\":\"https:\\\/\\\/schema.org\",\"@graph\":[{\"@type\":\"WebPage\",\"@id\":\"https:\\\/\\\/maskotnorge.no\\\/personvernerklaering\\\/\",\"url\":\"https:\\\/\\\/maskotnorge.no\\\/personvernerklaering\\\/\",\"name\":\"Personvernerklaering - Maskot Norge\",\"isPartOf\":{\"@id\":\"https:\\\/\\\/maskotnorge.no\\\/#website\"},\"datePublished\":\"2023-06-21T11:28:28+00:00\",\"dateModified\":\"2026-03-13T14:20:32+00:00\",\"breadcrumb\":{\"@id\":\"https:\\\/\\\/maskotnorge.no\\\/personvernerklaering\\\/#breadcrumb\"},\"inLanguage\":\"it-IT\",\"potentialAction\":[{\"@type\":\"ReadAction\",\"target\":[\"https:\\\/\\\/maskotnorge.no\\\/personvernerklaering\\\/\"]}]},{\"@type\":\"BreadcrumbList\",\"@id\":\"https:\\\/\\\/maskotnorge.no\\\/personvernerklaering\\\/#breadcrumb\",\"itemListElement\":[{\"@type\":\"ListItem\",\"position\":1,\"name\":\"Hjem\",\"item\":\"https:\\\/\\\/maskotnorge.no\\\/\"},{\"@type\":\"ListItem\",\"position\":2,\"name\":\"Personvernerklaering\"}]},{\"@type\":\"WebSite\",\"@id\":\"https:\\\/\\\/maskotnorge.no\\\/#website\",\"url\":\"https:\\\/\\\/maskotnorge.no\\\/\",\"name\":\"Maskot Norge\",\"description\":\"Maskot Norge tilbyr skreddersydde maskoter som kan v\u00e6re en verdifull ressurs for din bedrift eller organisasjon. Fremhev merkevaren din med v\u00e5re unike bamser og \u00f8k merkevarebevisstheten med et effektivt logo design. Kontakt oss for \u00e5 se hvordan vi kan hjelpe deg \u00e5 skape en sterkere tilknytning til ditt merke.\",\"publisher\":{\"@id\":\"https:\\\/\\\/maskotnorge.no\\\/#organization\"},\"alternateName\":\"Maskotnorge.no\",\"potentialAction\":[{\"@type\":\"SearchAction\",\"target\":{\"@type\":\"EntryPoint\",\"urlTemplate\":\"https:\\\/\\\/maskotnorge.no\\\/?s={search_term_string}\"},\"query-input\":{\"@type\":\"PropertyValueSpecification\",\"valueRequired\":true,\"valueName\":\"search_term_string\"}}],\"inLanguage\":\"it-IT\"},{\"@type\":\"Organization\",\"@id\":\"https:\\\/\\\/maskotnorge.no\\\/#organization\",\"name\":\"Maskot Norge\",\"url\":\"https:\\\/\\\/maskotnorge.no\\\/\",\"logo\":{\"@type\":\"ImageObject\",\"inLanguage\":\"it-IT\",\"@id\":\"https:\\\/\\\/maskotnorge.no\\\/#\\\/schema\\\/logo\\\/image\\\/\",\"url\":\"https:\\\/\\\/maskotnorge.no\\\/wp-content\\\/uploads\\\/2023\\\/06\\\/MaskotNorge_light-scaled.png\",\"contentUrl\":\"https:\\\/\\\/maskotnorge.no\\\/wp-content\\\/uploads\\\/2023\\\/06\\\/MaskotNorge_light-scaled.png\",\"width\":2560,\"height\":1095,\"caption\":\"Maskot Norge\"},\"image\":{\"@id\":\"https:\\\/\\\/maskotnorge.no\\\/#\\\/schema\\\/logo\\\/image\\\/\"}}]}<\/script>\n<!-- \/ Yoast SEO plugin. -->","yoast_head_json":{"title":"Personvernerklaering - Maskot Norge","robots":{"index":"index","follow":"follow","max-snippet":"max-snippet:-1","max-image-preview":"max-image-preview:large","max-video-preview":"max-video-preview:-1"},"canonical":"https:\/\/maskotnorge.no\/it\/personvernerklaering\/","og_locale":"it_IT","og_type":"article","og_title":"Personvernerklaering - Maskot Norge","og_description":"Personvernerkl\u00e6ring \u00a0 Vi (v\u00e5rt org.nr. og kontaktinfo finnes p\u00e5 kontaktsiden v\u00e5r eller ved s\u00f8k p\u00e5 domenet du n\u00e5 bes\u00f8ker hos Norid.no eller whois.com og videre s\u00f8k p\u00e5 org.nr. i brreg.no) tar ditt personvern alvorlig og har satt i verk n\u00f8dvendige tekniske og organisatoriske sikkerhetstiltak for \u00e5 beskytte dine personlige data. I denne personvernerkl\u00e6ringen vil vi [&hellip;]","og_url":"https:\/\/maskotnorge.no\/it\/personvernerklaering\/","og_site_name":"Maskot Norge","article_modified_time":"2026-03-13T14:20:32+00:00","twitter_card":"summary_large_image","twitter_misc":{"Tempo di lettura stimato":"5 minuti"},"schema":{"@context":"https:\/\/schema.org","@graph":[{"@type":"WebPage","@id":"https:\/\/maskotnorge.no\/personvernerklaering\/","url":"https:\/\/maskotnorge.no\/personvernerklaering\/","name":"Personvernerklaering - Maskot Norge","isPartOf":{"@id":"https:\/\/maskotnorge.no\/#website"},"datePublished":"2023-06-21T11:28:28+00:00","dateModified":"2026-03-13T14:20:32+00:00","breadcrumb":{"@id":"https:\/\/maskotnorge.no\/personvernerklaering\/#breadcrumb"},"inLanguage":"it-IT","potentialAction":[{"@type":"ReadAction","target":["https:\/\/maskotnorge.no\/personvernerklaering\/"]}]},{"@type":"BreadcrumbList","@id":"https:\/\/maskotnorge.no\/personvernerklaering\/#breadcrumb","itemListElement":[{"@type":"ListItem","position":1,"name":"Hjem","item":"https:\/\/maskotnorge.no\/"},{"@type":"ListItem","position":2,"name":"Personvernerklaering"}]},{"@type":"WebSite","@id":"https:\/\/maskotnorge.no\/#website","url":"https:\/\/maskotnorge.no\/","name":"Maskot Norvegia","description":"Maskot Norge offre mascotte personalizzate che possono essere una risorsa preziosa per la tua azienda o organizzazione. Distingui il tuo brand con i nostri orsacchiotti unici e aumenta la brand awareness con un design efficace del logo. Contattaci per scoprire come possiamo aiutarti a creare una connessione pi\u00f9 forte con il tuo marchio.","publisher":{"@id":"https:\/\/maskotnorge.no\/#organization"},"alternateName":"Maskotnorge.no","potentialAction":[{"@type":"SearchAction","target":{"@type":"EntryPoint","urlTemplate":"https:\/\/maskotnorge.no\/?s={search_term_string}"},"query-input":{"@type":"PropertyValueSpecification","valueRequired":true,"valueName":"search_term_string"}}],"inLanguage":"it-IT"},{"@type":"Organization","@id":"https:\/\/maskotnorge.no\/#organization","name":"Maskot Norvegia","url":"https:\/\/maskotnorge.no\/","logo":{"@type":"ImageObject","inLanguage":"it-IT","@id":"https:\/\/maskotnorge.no\/#\/schema\/logo\/image\/","url":"https:\/\/maskotnorge.no\/wp-content\/uploads\/2023\/06\/MaskotNorge_light-scaled.png","contentUrl":"https:\/\/maskotnorge.no\/wp-content\/uploads\/2023\/06\/MaskotNorge_light-scaled.png","width":2560,"height":1095,"caption":"Maskot Norge"},"image":{"@id":"https:\/\/maskotnorge.no\/#\/schema\/logo\/image\/"}}]}},"_links":{"self":[{"href":"https:\/\/maskotnorge.no\/it\/wp-json\/wp\/v2\/pages\/5","targetHints":{"allow":["GET"]}}],"collection":[{"href":"https:\/\/maskotnorge.no\/it\/wp-json\/wp\/v2\/pages"}],"about":[{"href":"https:\/\/maskotnorge.no\/it\/wp-json\/wp\/v2\/types\/page"}],"replies":[{"embeddable":true,"href":"https:\/\/maskotnorge.no\/it\/wp-json\/wp\/v2\/comments?post=5"}],"version-history":[{"count":3,"href":"https:\/\/maskotnorge.no\/it\/wp-json\/wp\/v2\/pages\/5\/revisions"}],"predecessor-version":[{"id":1880,"href":"https:\/\/maskotnorge.no\/it\/wp-json\/wp\/v2\/pages\/5\/revisions\/1880"}],"wp:attachment":[{"href":"https:\/\/maskotnorge.no\/it\/wp-json\/wp\/v2\/media?parent=5"}],"curies":[{"name":"wp","href":"https:\/\/api.w.org\/{rel}","templated":true}]}}